{"id":6197,"date":"2026-04-02T11:23:59","date_gmt":"2026-04-02T08:23:59","guid":{"rendered":"https:\/\/kaminameister.ee\/?post_type=product&#038;p=6197"},"modified":"2026-04-08T10:16:46","modified_gmt":"2026-04-08T07:16:46","slug":"kamin-bef-kompakt-therm-6-c-ii-bef-home","status":"publish","type":"product","link":"https:\/\/kaminameister.ee\/en\/tooted\/kaminad\/sudamikuga-kaminad\/kamin-bef-kompakt-therm-6-c-ii-bef-home\/","title":{"rendered":"kamin BeF Kompakt Therm  6 C II (BeF Home)"},"content":{"rendered":"<p><i>Uued valmiskaminad Bef Home tehaselt! Tellimisel erinevad v\u00e4rvitoonid.Standardv\u00e4rv korpusel on antratsiit . Hind sisaldab kamina s\u00fcdamikku.<\/i><\/p>\n","protected":false},"excerpt":{"rendered":"<p><i>Kolme klaasiga mudel <\/i><\/p>\n<p><b><i>BeF Kompakt Therm 6 C II , hind 4 526 \u20ac\u00a0 \u00a0<\/i><\/b><i>H 1495 mm,s.487,5 mm,L 665 mm.Suitsutoru d.180 mm Klaasi k\u00f5rgus 412 mm.<\/i><\/p>\n<p><em>Tehniline joonis:\u00a0 <a href=\"https:\/\/kaminameister.ee\/wp-content\/uploads\/2025\/05\/bef-kompakt-t-6-c-ii-joonis.pdf\">BeF Kompakt T 6 C II joonis\u00a0\u00a0\u00a0 <\/a><a href=\"https:\/\/kaminameister.ee\/wp-content\/uploads\/2026\/04\/bef-kompakt-t-6-c-ii-korstna-uhendus.pdf\">BeF Kompakt T 6 C II korstna \u00fchendus<\/a><\/em><\/p>\n","protected":false},"featured_media":6198,"comment_status":"open","ping_status":"closed","template":"","meta":{"_et_pb_use_builder":"","_et_pb_old_content":"","_et_gb_content_width":""},"product_brand":[135],"product_cat":[24,52],"product_tag":[],"class_list":{"0":"post-6197","1":"product","2":"type-product","3":"status-publish","4":"has-post-thumbnail","6":"product_brand-bef-home","7":"product_cat-kaminad","8":"product_cat-sudamikuga-kaminad","9":"pa_brand-bef-home","11":"first","12":"instock","13":"shipping-taxable","14":"purchasable","15":"product-type-simple"},"_links":{"self":[{"href":"https:\/\/kaminameister.ee\/en\/wp-json\/wp\/v2\/product\/6197","targetHints":{"allow":["GET"]}}],"collection":[{"href":"https:\/\/kaminameister.ee\/en\/wp-json\/wp\/v2\/product"}],"about":[{"href":"https:\/\/kaminameister.ee\/en\/wp-json\/wp\/v2\/types\/product"}],"replies":[{"embeddable":true,"href":"https:\/\/kaminameister.ee\/en\/wp-json\/wp\/v2\/comments?post=6197"}],"wp:featuredmedia":[{"embeddable":true,"href":"https:\/\/kaminameister.ee\/en\/wp-json\/wp\/v2\/media\/6198"}],"wp:attachment":[{"href":"https:\/\/kaminameister.ee\/en\/wp-json\/wp\/v2\/media?parent=6197"}],"wp:term":[{"taxonomy":"product_brand","embeddable":true,"href":"https:\/\/kaminameister.ee\/en\/wp-json\/wp\/v2\/product_brand?post=6197"},{"taxonomy":"product_cat","embeddable":true,"href":"https:\/\/kaminameister.ee\/en\/wp-json\/wp\/v2\/product_cat?post=6197"},{"taxonomy":"product_tag","embeddable":true,"href":"https:\/\/kaminameister.ee\/en\/wp-json\/wp\/v2\/product_tag?post=6197"}],"curies":[{"name":"wp","href":"https:\/\/api.w.org\/{rel}","templated":true}]}}