{"id":6076,"date":"2026-01-16T12:41:38","date_gmt":"2026-01-16T10:41:38","guid":{"rendered":"https:\/\/kaminameister.ee\/?post_type=product&#038;p=6076"},"modified":"2026-01-16T13:13:31","modified_gmt":"2026-01-16T11:13:31","slug":"ahi-salzburg-u-nordpeis","status":"publish","type":"product","link":"https:\/\/kaminameister.ee\/en\/tooted\/ahjud-kaminahjud\/moodulahjud\/ahi-salzburg-u-nordpeis\/","title":{"rendered":"ahi Salzburg U (Nordpeis)"},"content":{"rendered":"<p data-block-key=\"b94i2\"><em><b>Salvestusaeg kuni\u00a024 tundi<\/b><\/em><\/p>\n<p data-block-key=\"elelm\"><em>K\u00fcttepuude kogus 1,9 kg<\/em><br \/>\n<em>Maks. k\u00fcttepuude lisamisi 4X<\/em><br \/>\n<em>Lisamise sagedus 1 kord 45 min<\/em><br \/>\n<em>K\u00fctmiskordi \u00f6\u00f6p\u00e4evas 1<\/em><\/p>\n<p data-block-key=\"4g405\"><em>K\u00fcttev\u00f5imsus salvestus perioodil 100%-25% 2,1 kW<\/em><\/p>\n<ul>\n<li data-block-key=\"1fkf5\"><em>Soojuse talletamise v\u00f5ime:<\/em>\n<ul>\n<li data-block-key=\"26t43\"><em>100% v\u00f5imsusel:\u00a0<b>2,9 h<\/b><\/em><\/li>\n<li data-block-key=\"6v1ri\"><em>50% v\u00f5imsusel:\u00a0<b>10,2 h<\/b><\/em><\/li>\n<li data-block-key=\"anf00\"><em>25% v\u00f5imsusel:\u00a0<b>15,8 h<\/b><\/em><\/li>\n<\/ul>\n<\/li>\n<\/ul>\n<p data-block-key=\"8elsl\"><em><b>Talletatud energia 33,1 kWh<\/b><\/em><\/p>\n<p data-block-key=\"7tr3p\"><em>N\u00f5utav vahemaa s\u00fcttivate materjalideni<\/em><br \/>\n<em>Ahju taga 0 mm<\/em><br \/>\n<em>Ahju k\u00f5rval 450 mm<\/em><\/p>\n<p><i>\u00dchendus korstnaga: pealt, tagant, k\u00fcljelt<\/i><\/p>\n<p><i>Garantii: 5 aastat<\/i><\/p>\n<p><i>K\u00d5IK AHJUD TARNITAKSE V\u00c4RVIMATA !\u00a0HIND EI SISALDA PAIGALDUST !<\/i><\/p>\n","protected":false},"excerpt":{"rendered":"<p><em>Kaal: 748 kg, nominaalv\u00f5imsus: 2.1 kW, k\u00f5rgus: 1802 mm(lisaalusega mudeli k\u00f5rgus 2019 mm), laius: 700 mm, s\u00fcgavus: 493 mm, kasutegur: 89%, suitsugaasi temperatuur: 157\u00b0C, k\u00fcttev\u00f5imsus: kuni 50m\u00b2, soojusenergia: 39.4 kWh, k\u00fcttepuude pikkus 33-44 cm(kuni 500 cm)\u00a0 \u00a0<\/em><\/p>\n<div class=\"product-detail-row\">\n<div class=\"product-detail-value\">\n<p><em><strong>Hind: 6 129\u20ac\u00a0 ,\u00a0 \u00a0 k<\/strong><\/em><em><strong>ampaaniahind : 5 210\u20ac<\/strong><\/em><\/p>\n<p><i>Lisa: <\/i><b><i>\u00a0lisaalus 160\u20ac(<\/i><\/b><i>tavahind 188 \u20ac), klaasist p\u00f5randakaitse 59\u20ac, \u00f5hu sisselaskeava komplekt 91\u20ac,seina l\u00e4biva \u00f5hu sisselaske komplekt 47\u20ac.<\/i><\/p>\n<p><em>Tehniline joonis:\u00a0 <a href=\"https:\/\/kaminameister.ee\/wp-content\/uploads\/2026\/01\/salzburg-u.pdf\">Salzburg U<\/a> \u00a0\u00a0 <a href=\"https:\/\/kaminameister.ee\/wp-content\/uploads\/2026\/01\/salzburg-u_1.pdf\">\u00a0 \u00a0<\/a> <a href=\"https:\/\/kaminameister.ee\/wp-content\/uploads\/2026\/01\/salzburg-u-alusega.pdf\">Salzburg U alusega<\/a><\/em><\/p>\n<\/div>\n<\/div>\n","protected":false},"featured_media":6102,"comment_status":"open","ping_status":"closed","template":"","meta":{"_et_pb_use_builder":"","_et_pb_old_content":"","_et_gb_content_width":""},"product_brand":[148],"product_cat":[108,84],"product_tag":[],"class_list":{"0":"post-6076","1":"product","2":"type-product","3":"status-publish","4":"has-post-thumbnail","6":"product_brand-nordpeis","7":"product_cat-ahjud-kaminahjud","8":"product_cat-moodulahjud","9":"pa_brand-nordpeis","11":"first","12":"instock","13":"sale","14":"shipping-taxable","15":"purchasable","16":"product-type-simple"},"_links":{"self":[{"href":"https:\/\/kaminameister.ee\/en\/wp-json\/wp\/v2\/product\/6076","targetHints":{"allow":["GET"]}}],"collection":[{"href":"https:\/\/kaminameister.ee\/en\/wp-json\/wp\/v2\/product"}],"about":[{"href":"https:\/\/kaminameister.ee\/en\/wp-json\/wp\/v2\/types\/product"}],"replies":[{"embeddable":true,"href":"https:\/\/kaminameister.ee\/en\/wp-json\/wp\/v2\/comments?post=6076"}],"wp:featuredmedia":[{"embeddable":true,"href":"https:\/\/kaminameister.ee\/en\/wp-json\/wp\/v2\/media\/6102"}],"wp:attachment":[{"href":"https:\/\/kaminameister.ee\/en\/wp-json\/wp\/v2\/media?parent=6076"}],"wp:term":[{"taxonomy":"product_brand","embeddable":true,"href":"https:\/\/kaminameister.ee\/en\/wp-json\/wp\/v2\/product_brand?post=6076"},{"taxonomy":"product_cat","embeddable":true,"href":"https:\/\/kaminameister.ee\/en\/wp-json\/wp\/v2\/product_cat?post=6076"},{"taxonomy":"product_tag","embeddable":true,"href":"https:\/\/kaminameister.ee\/en\/wp-json\/wp\/v2\/product_tag?post=6076"}],"curies":[{"name":"wp","href":"https:\/\/api.w.org\/{rel}","templated":true}]}}