{"id":5901,"date":"2025-06-20T14:40:01","date_gmt":"2025-06-20T11:40:01","guid":{"rendered":"https:\/\/kaminameister.ee\/?post_type=product&#038;p=5901"},"modified":"2025-06-20T14:40:01","modified_gmt":"2025-06-20T11:40:01","slug":"isotta-forno-evola-nordica-extraflame","status":"publish","type":"product","link":"https:\/\/kaminameister.ee\/en\/tooted\/kaminad\/malmkaminad\/isotta-forno-evola-nordica-extraflame\/","title":{"rendered":"Isotta forno evo(La Nordica Extraflame)"},"content":{"rendered":"<p><i>K\u00f6etav pind: 278 m3 , suitsutoru ava diameeter: 150 mm , suitsutoru \u00fchendus: pealt<br \/>\nkeskmine puidu tarbimine: 2.6kg\/h , k\u00fctus: puu ,halu pikkus: 35-40 cm<br \/>\n<\/i><\/p>\n<p><i>Kolde ava m\u00f5\u00f5dud: 519 x 305 mm\u00a0 \u00a0Kolde m\u00f5\u00f5dud: 546x360x290 mm, ahju m\u00f5\u00f5t : 443x290x305<\/i><\/p>\n","protected":false},"excerpt":{"rendered":"<p><em>Kaal: 300 kg, nominaalv\u00f5imsus: 9.7 kW, k\u00f5rgus: 1244 mm, laius: 795 mm, s\u00fcgavus: 530 mm, kasutegur: 87.7%, suitsugaasi temperatuur: 162\u00b0C, CO: 0.07<\/em><\/p>\n<p><strong><em>Hind: 3 482\u20ac\u00a0\u00a0<\/em><\/strong><\/p>\n<p><em>Tehniline joonis: <a href=\"https:\/\/kaminameister.ee\/wp-content\/uploads\/2025\/06\/isotta-con-cerchi-ja-forno-i.pdf\">Isotta con cerchi ja forno I<\/a><\/em><\/p>\n","protected":false},"featured_media":5902,"comment_status":"open","ping_status":"closed","template":"","meta":{"_et_pb_use_builder":"","_et_pb_old_content":"","_et_gb_content_width":""},"product_brand":[146],"product_cat":[24,47,46],"product_tag":[],"class_list":{"0":"post-5901","1":"product","2":"type-product","3":"status-publish","4":"has-post-thumbnail","6":"product_brand-lanordica-extraflame","7":"product_cat-kaminad","8":"product_cat-malmkaminad","9":"product_cat-valmiskaminad","10":"pa_brand-lanordica-extraflame","12":"first","13":"instock","14":"shipping-taxable","15":"purchasable","16":"product-type-simple"},"_links":{"self":[{"href":"https:\/\/kaminameister.ee\/en\/wp-json\/wp\/v2\/product\/5901","targetHints":{"allow":["GET"]}}],"collection":[{"href":"https:\/\/kaminameister.ee\/en\/wp-json\/wp\/v2\/product"}],"about":[{"href":"https:\/\/kaminameister.ee\/en\/wp-json\/wp\/v2\/types\/product"}],"replies":[{"embeddable":true,"href":"https:\/\/kaminameister.ee\/en\/wp-json\/wp\/v2\/comments?post=5901"}],"wp:featuredmedia":[{"embeddable":true,"href":"https:\/\/kaminameister.ee\/en\/wp-json\/wp\/v2\/media\/5902"}],"wp:attachment":[{"href":"https:\/\/kaminameister.ee\/en\/wp-json\/wp\/v2\/media?parent=5901"}],"wp:term":[{"taxonomy":"product_brand","embeddable":true,"href":"https:\/\/kaminameister.ee\/en\/wp-json\/wp\/v2\/product_brand?post=5901"},{"taxonomy":"product_cat","embeddable":true,"href":"https:\/\/kaminameister.ee\/en\/wp-json\/wp\/v2\/product_cat?post=5901"},{"taxonomy":"product_tag","embeddable":true,"href":"https:\/\/kaminameister.ee\/en\/wp-json\/wp\/v2\/product_tag?post=5901"}],"curies":[{"name":"wp","href":"https:\/\/api.w.org\/{rel}","templated":true}]}}