{"id":5894,"date":"2025-06-20T14:26:52","date_gmt":"2025-06-20T11:26:52","guid":{"rendered":"https:\/\/kaminameister.ee\/?post_type=product&#038;p=5894"},"modified":"2025-06-20T14:26:52","modified_gmt":"2025-06-20T11:26:52","slug":"candy-4-0la-nordica-extraflame","status":"publish","type":"product","link":"https:\/\/kaminameister.ee\/en\/tooted\/kaminad\/malmkaminad\/candy-4-0la-nordica-extraflame\/","title":{"rendered":"Candy 4.0(La Nordica Extraflame)"},"content":{"rendered":"<p><i>K\u00f6etav pind: 177 m3 , suitsutoru ava diameeter: 120 mm , suitsutoru \u00fchendus: pealt<br \/>\nkeskmine puidu tarbimine: 1.7kg\/h , k\u00fctus: puu<br \/>\n<\/i><\/p>\n<p><i>Kolde ava m\u00f5\u00f5dud: 233 x 315 mm\u00a0 \u00a0Kolde m\u00f5\u00f5dud: 330 x 356 x 215 mm<\/i><\/p>\n","protected":false},"excerpt":{"rendered":"<p><em>Kaal: 85 kg, nominaalv\u00f5imsus: 6.2 kW, k\u00f5rgus: 890 mm, laius: 404 mm, s\u00fcgavus: 397 mm, kasutegur: 85.1%, suitsugaasi temperatuur: 191\u00b0C, CO: 0.04<\/em><\/p>\n<p><strong><em>Hind: 1 150\u20ac\u00a0\u00a0<\/em><\/strong><\/p>\n<p><em>Tehniline joonis: <a href=\"https:\/\/kaminameister.ee\/wp-content\/uploads\/2025\/06\/candy-4.0.pdf\">Candy 4.0<\/a><\/em><\/p>\n","protected":false},"featured_media":5898,"comment_status":"open","ping_status":"closed","template":"","meta":{"_et_pb_use_builder":"","_et_pb_old_content":"","_et_gb_content_width":""},"product_brand":[146],"product_cat":[24,47,46],"product_tag":[],"class_list":{"0":"post-5894","1":"product","2":"type-product","3":"status-publish","4":"has-post-thumbnail","6":"product_brand-lanordica-extraflame","7":"product_cat-kaminad","8":"product_cat-malmkaminad","9":"product_cat-valmiskaminad","10":"pa_brand-lanordica-extraflame","12":"first","13":"instock","14":"shipping-taxable","15":"purchasable","16":"product-type-simple"},"_links":{"self":[{"href":"https:\/\/kaminameister.ee\/en\/wp-json\/wp\/v2\/product\/5894","targetHints":{"allow":["GET"]}}],"collection":[{"href":"https:\/\/kaminameister.ee\/en\/wp-json\/wp\/v2\/product"}],"about":[{"href":"https:\/\/kaminameister.ee\/en\/wp-json\/wp\/v2\/types\/product"}],"replies":[{"embeddable":true,"href":"https:\/\/kaminameister.ee\/en\/wp-json\/wp\/v2\/comments?post=5894"}],"wp:featuredmedia":[{"embeddable":true,"href":"https:\/\/kaminameister.ee\/en\/wp-json\/wp\/v2\/media\/5898"}],"wp:attachment":[{"href":"https:\/\/kaminameister.ee\/en\/wp-json\/wp\/v2\/media?parent=5894"}],"wp:term":[{"taxonomy":"product_brand","embeddable":true,"href":"https:\/\/kaminameister.ee\/en\/wp-json\/wp\/v2\/product_brand?post=5894"},{"taxonomy":"product_cat","embeddable":true,"href":"https:\/\/kaminameister.ee\/en\/wp-json\/wp\/v2\/product_cat?post=5894"},{"taxonomy":"product_tag","embeddable":true,"href":"https:\/\/kaminameister.ee\/en\/wp-json\/wp\/v2\/product_tag?post=5894"}],"curies":[{"name":"wp","href":"https:\/\/api.w.org\/{rel}","templated":true}]}}