{"id":5888,"date":"2025-06-20T14:14:13","date_gmt":"2025-06-20T11:14:13","guid":{"rendered":"https:\/\/kaminameister.ee\/?post_type=product&#038;p=5888"},"modified":"2025-06-20T14:50:47","modified_gmt":"2025-06-20T11:50:47","slug":"isotta-con-cerchi-16lanordica-extraflame","status":"publish","type":"product","link":"https:\/\/kaminameister.ee\/en\/tooted\/kaminad\/malmkaminad\/isotta-con-cerchi-16lanordica-extraflame\/","title":{"rendered":"Isotta con cerchi .16(LaNordica Extraflame)"},"content":{"rendered":"<p><i>K\u00f6etav pind: 341 m3 , suitsutoru ava diameeter: 150 mm , suitsutoru \u00fchendus: pealt ja tagant<br \/>\nkeskmine puidu tarbimine: 2.1kg\/h , k\u00fctus: puu ,halu pikkus: 35- 40 cm<\/i><\/p>\n<p><i>Kolde ava m\u00f5\u00f5dud: 519&#215;371 mm\u00a0 \u00a0Kolde m\u00f5\u00f5dud: 597x422x350 mm<\/i><\/p>\n","protected":false},"excerpt":{"rendered":"<p><em>Kaal: 216 kg, nominaalv\u00f5imsus: 11,9 kW, k\u00f5rgus: 830 mm, laius: 790 mm, s\u00fcgavus: 660 mm, kasutegur: 80%, suitsugaasi temperatuur: 264\u00b0C, CO: 0.088<\/em><\/p>\n<p><strong><em>Hind: 2 456\u20ac\u00a0<\/em><\/strong><\/p>\n<p><em>Tehniline joonis:\u00a0 <a href=\"https:\/\/kaminameister.ee\/wp-content\/uploads\/2025\/06\/isottaisotta-con-cerchi-tehniline.pdf\">Isotta,Isotta con cerchi tehniline<\/a><\/em><\/p>\n","protected":false},"featured_media":5885,"comment_status":"open","ping_status":"closed","template":"","meta":{"_et_pb_use_builder":"","_et_pb_old_content":"","_et_gb_content_width":""},"product_brand":[146],"product_cat":[24,47,46],"product_tag":[],"class_list":{"0":"post-5888","1":"product","2":"type-product","3":"status-publish","4":"has-post-thumbnail","6":"product_brand-lanordica-extraflame","7":"product_cat-kaminad","8":"product_cat-malmkaminad","9":"product_cat-valmiskaminad","10":"pa_brand-lanordica-extraflame","12":"first","13":"instock","14":"shipping-taxable","15":"purchasable","16":"product-type-simple"},"_links":{"self":[{"href":"https:\/\/kaminameister.ee\/en\/wp-json\/wp\/v2\/product\/5888","targetHints":{"allow":["GET"]}}],"collection":[{"href":"https:\/\/kaminameister.ee\/en\/wp-json\/wp\/v2\/product"}],"about":[{"href":"https:\/\/kaminameister.ee\/en\/wp-json\/wp\/v2\/types\/product"}],"replies":[{"embeddable":true,"href":"https:\/\/kaminameister.ee\/en\/wp-json\/wp\/v2\/comments?post=5888"}],"wp:featuredmedia":[{"embeddable":true,"href":"https:\/\/kaminameister.ee\/en\/wp-json\/wp\/v2\/media\/5885"}],"wp:attachment":[{"href":"https:\/\/kaminameister.ee\/en\/wp-json\/wp\/v2\/media?parent=5888"}],"wp:term":[{"taxonomy":"product_brand","embeddable":true,"href":"https:\/\/kaminameister.ee\/en\/wp-json\/wp\/v2\/product_brand?post=5888"},{"taxonomy":"product_cat","embeddable":true,"href":"https:\/\/kaminameister.ee\/en\/wp-json\/wp\/v2\/product_cat?post=5888"},{"taxonomy":"product_tag","embeddable":true,"href":"https:\/\/kaminameister.ee\/en\/wp-json\/wp\/v2\/product_tag?post=5888"}],"curies":[{"name":"wp","href":"https:\/\/api.w.org\/{rel}","templated":true}]}}