{"id":5858,"date":"2025-06-20T13:20:49","date_gmt":"2025-06-20T10:20:49","guid":{"rendered":"https:\/\/kaminameister.ee\/?post_type=product&#038;p=5858"},"modified":"2025-06-20T13:20:50","modified_gmt":"2025-06-20T10:20:50","slug":"giulietta-xlanordica-extraflame","status":"publish","type":"product","link":"https:\/\/kaminameister.ee\/en\/tooted\/kaminad\/malmkaminad\/giulietta-xlanordica-extraflame\/","title":{"rendered":"Giulietta X(LaNordica Extraflame)"},"content":{"rendered":"<p><i>K\u00f6etav pind: 186 m3 , suitsutoru ava diameeter: 120 mm , suitsutoru \u00fchendus: pealt ja tagant<br \/>\nkeskmine puidu tarbimine: 1.85kg\/h , k\u00fctus: puu ,halu pikkus: 20-35 cm<br \/>\n<\/i><\/p>\n<p><i>Kolde ava m\u00f5\u00f5dud: 235 x 260 mm\u00a0 \u00a0Kolde m\u00f5\u00f5dud: 350x290x225 mm<\/i><\/p>\n","protected":false},"excerpt":{"rendered":"<p><em>Kaal: 115 kg, nominaalv\u00f5imsus: 6.5 kW, k\u00f5rgus: 706 mm, laius: 487 mm, s\u00fcgavus: 430 mm, kasutegur: 81.7%, suitsugaasi temperatuur: 264\u00b0C, CO: 0.088<\/em><\/p>\n<p><strong><em>Hind: 1 381\u20ac<\/em><\/strong><\/p>\n<p><em>Tehniline joonis:\u00a0 <a href=\"https:\/\/kaminameister.ee\/wp-content\/uploads\/2025\/06\/giulietta-tehniline.pdf\">Giulietta tehniline<\/a><\/em><\/p>\n","protected":false},"featured_media":5859,"comment_status":"open","ping_status":"closed","template":"","meta":{"_et_pb_use_builder":"","_et_pb_old_content":"","_et_gb_content_width":""},"product_brand":[146],"product_cat":[24,47,46],"product_tag":[],"class_list":{"0":"post-5858","1":"product","2":"type-product","3":"status-publish","4":"has-post-thumbnail","6":"product_brand-lanordica-extraflame","7":"product_cat-kaminad","8":"product_cat-malmkaminad","9":"product_cat-valmiskaminad","10":"pa_brand-lanordica-extraflame","12":"first","13":"instock","14":"shipping-taxable","15":"purchasable","16":"product-type-simple"},"_links":{"self":[{"href":"https:\/\/kaminameister.ee\/en\/wp-json\/wp\/v2\/product\/5858","targetHints":{"allow":["GET"]}}],"collection":[{"href":"https:\/\/kaminameister.ee\/en\/wp-json\/wp\/v2\/product"}],"about":[{"href":"https:\/\/kaminameister.ee\/en\/wp-json\/wp\/v2\/types\/product"}],"replies":[{"embeddable":true,"href":"https:\/\/kaminameister.ee\/en\/wp-json\/wp\/v2\/comments?post=5858"}],"wp:featuredmedia":[{"embeddable":true,"href":"https:\/\/kaminameister.ee\/en\/wp-json\/wp\/v2\/media\/5859"}],"wp:attachment":[{"href":"https:\/\/kaminameister.ee\/en\/wp-json\/wp\/v2\/media?parent=5858"}],"wp:term":[{"taxonomy":"product_brand","embeddable":true,"href":"https:\/\/kaminameister.ee\/en\/wp-json\/wp\/v2\/product_brand?post=5858"},{"taxonomy":"product_cat","embeddable":true,"href":"https:\/\/kaminameister.ee\/en\/wp-json\/wp\/v2\/product_cat?post=5858"},{"taxonomy":"product_tag","embeddable":true,"href":"https:\/\/kaminameister.ee\/en\/wp-json\/wp\/v2\/product_tag?post=5858"}],"curies":[{"name":"wp","href":"https:\/\/api.w.org\/{rel}","templated":true}]}}