{"id":5813,"date":"2025-06-17T15:06:30","date_gmt":"2025-06-17T12:06:30","guid":{"rendered":"https:\/\/kaminameister.ee\/?post_type=product&#038;p=5813"},"modified":"2026-03-10T18:02:31","modified_gmt":"2026-03-10T16:02:31","slug":"trendi-viivi-airtiileri","status":"publish","type":"product","link":"https:\/\/kaminameister.ee\/en\/tooted\/ahjud-kaminahjud\/keraamiliste-plaatidega-ahjud\/trendi-viivi-airtiileri\/","title":{"rendered":"Trendi VIIVI Air(Tiileri)"},"content":{"rendered":"<p><i>\u00d5hkk\u00fcttega salvestava ahjuga\u00a0 on v\u00f5imalik saada soojust juba k\u00fctmise alguses. \u00d5hkk\u00fctte temperatuur \u00a0on maksimaalselt 100\u00b0C.<br \/>\nViivi Airis on ka soojust salvestav sisu pikema \u00a0soojuse loovutamise jaoks.<\/i><\/p>\n<p><i>\u00a0Kolde m\u00f5\u00f5t: 280 x 310mm<br \/>\nUkse m\u00f5\u00f5t 410x410mm<\/i><\/p>\n<p><b><i>Soojussalvestusv\u00f5ime<\/i><\/b><i><br \/>\n5,9h \u2013 100%<br \/>\n17,6h \u2013 50%<br \/>\n26,1h \u2013 25%<\/i><\/p>\n<p><i>puuhalgude kogus \/ k\u00fcttekord\u00a0 3,8kg + 2,5kg + 2,5kg = 8,8 kg<\/i><\/p>\n<p><i>Trendi-mudelite plaatimine suurendab nende v\u00e4lism\u00f5\u00f5te u 10mm\/pinna kohta!<\/i><\/p>\n<p><u><i>Keraamiliste plaatide v\u00e4rvivalik<\/i><\/u><i>:\u00a0<\/i><i>royal white ja royal black, matt ja l\u00e4ikiv, monaco light, grey ja black plaadi m\u00f5\u00f5t :1200 x 300 mm<\/i><\/p>\n<p><i>Tagaseinas on plaatideta viimistluskate .Tagaosa katmine keraamiliste plaatidega,lisahind +250\u20ac(hinna sees nurgaliistud), pealmise kaane katmine +95\u20ac, hind ei sisalda nurgaliiste.<\/i><\/p>\n<p><i>Tagaseinas viimistluskate ! Standarduksed on tasapinnalised mustad ja malmuksed.Uputatud raamiga v\u00f5i v\u00e4rviline :lisahind + 105\u20ac.\u00a0<\/i><\/p>\n<p><i>P\u00f5hjajoonised:<a href=\"https:\/\/kaminameister.ee\/wp-content\/uploads\/2025\/06\/viivi_air_pohjakuvat.pdf\">Viivi_AIR_Pohjakuvat<\/a><\/i><\/p>\n","protected":false},"excerpt":{"rendered":"<p><em>Kaal: 950\/1000 kg, k\u00f5rgus: 1690 mm, laius: 740 mm, s\u00fcgavus: 535 mm. kasutegur: 88%, suitsugaasi temperatuur: 132\u00b0C, CO: 0.11%, soojusenergia: 32,8 kWh\u00a0<\/em><\/p>\n<p><em><b>TRENDI Viivi Air<\/b>, mudel alt\u00fchendusega,\u00a0<b>hind: 3 457\u20ac<\/b><\/em><\/p>\n<p><em><b>TRENDI Viivi Air, <\/b>mudel pealt\u00fchendusega<b>, hind: 3 692\u20ac<\/b><\/em><\/p>\n<p><i>Hinnale lisandub transport objektile ja soovi korral paigaldus.<\/i><\/p>\n","protected":false},"featured_media":5814,"comment_status":"open","ping_status":"closed","template":"","meta":{"_et_pb_use_builder":"","_et_pb_old_content":"","_et_gb_content_width":""},"product_brand":[154],"product_cat":[108,80,77],"product_tag":[],"class_list":{"0":"post-5813","1":"product","2":"type-product","3":"status-publish","4":"has-post-thumbnail","6":"product_brand-tiileri","7":"product_cat-ahjud-kaminahjud","8":"product_cat-keraamiliste-plaatidega-ahjud","9":"product_cat-uudistooted","10":"pa_brand-tiileri","12":"first","13":"instock","14":"shipping-taxable","15":"purchasable","16":"product-type-simple"},"_links":{"self":[{"href":"https:\/\/kaminameister.ee\/en\/wp-json\/wp\/v2\/product\/5813","targetHints":{"allow":["GET"]}}],"collection":[{"href":"https:\/\/kaminameister.ee\/en\/wp-json\/wp\/v2\/product"}],"about":[{"href":"https:\/\/kaminameister.ee\/en\/wp-json\/wp\/v2\/types\/product"}],"replies":[{"embeddable":true,"href":"https:\/\/kaminameister.ee\/en\/wp-json\/wp\/v2\/comments?post=5813"}],"wp:featuredmedia":[{"embeddable":true,"href":"https:\/\/kaminameister.ee\/en\/wp-json\/wp\/v2\/media\/5814"}],"wp:attachment":[{"href":"https:\/\/kaminameister.ee\/en\/wp-json\/wp\/v2\/media?parent=5813"}],"wp:term":[{"taxonomy":"product_brand","embeddable":true,"href":"https:\/\/kaminameister.ee\/en\/wp-json\/wp\/v2\/product_brand?post=5813"},{"taxonomy":"product_cat","embeddable":true,"href":"https:\/\/kaminameister.ee\/en\/wp-json\/wp\/v2\/product_cat?post=5813"},{"taxonomy":"product_tag","embeddable":true,"href":"https:\/\/kaminameister.ee\/en\/wp-json\/wp\/v2\/product_tag?post=5813"}],"curies":[{"name":"wp","href":"https:\/\/api.w.org\/{rel}","templated":true}]}}