{"id":5693,"date":"2025-06-11T16:30:57","date_gmt":"2025-06-11T13:30:57","guid":{"rendered":"https:\/\/kaminameister.ee\/?post_type=product&#038;p=5693"},"modified":"2026-05-08T11:42:59","modified_gmt":"2026-05-08T08:42:59","slug":"bef-feel-v8bef-home","status":"publish","type":"product","link":"https:\/\/kaminameister.ee\/en\/tooted\/kaminasudamikud\/sirge-klaasiga\/bef-feel-v8bef-home\/","title":{"rendered":"BeF Feel V8(BeF Home)"},"content":{"rendered":"","protected":false},"excerpt":{"rendered":"<p><em>Suitsutoru diameeter 180 mm.\u00a0<\/em><em>Kaal: 231 kg, nominaalv\u00f5imsus: 8 kW, k\u00f5rgus: 1585 mm, laius: 981 mm , s\u00fcgavus: 459 mm, kasutegur: 85%,suitsugaasi temperatuur: 212\u2070C<\/em><\/p>\n<p><em>Valge v\u00f5i must sirge carcon sisu: 122\u20ac.<\/em><\/p>\n<p><strong><em>BeF Feel V 8, \u00fcles avanev, hind\u00a0 3 596\u20ac.Soodushind: 2 748\u20ac<\/em><\/strong><\/p>\n<p><em>Tehniline joonis: <a href=\"https:\/\/kaminameister.ee\/wp-content\/uploads\/2024\/06\/bef-feel-v8.pdf\">BeF Feel V8<\/a><\/em><\/p>\n","protected":false},"featured_media":1197,"comment_status":"open","ping_status":"closed","template":"","meta":{"_et_pb_use_builder":"","_et_pb_old_content":"","_et_gb_content_width":""},"product_brand":[135],"product_cat":[32,64],"product_tag":[],"class_list":{"0":"post-5693","1":"product","2":"type-product","3":"status-publish","4":"has-post-thumbnail","6":"product_brand-bef-home","7":"product_cat-kaminasudamikud","8":"product_cat-sirge-klaasiga","9":"pa_brand-bef-home","11":"first","12":"instock","13":"sale","14":"shipping-taxable","15":"purchasable","16":"product-type-simple"},"_links":{"self":[{"href":"https:\/\/kaminameister.ee\/en\/wp-json\/wp\/v2\/product\/5693","targetHints":{"allow":["GET"]}}],"collection":[{"href":"https:\/\/kaminameister.ee\/en\/wp-json\/wp\/v2\/product"}],"about":[{"href":"https:\/\/kaminameister.ee\/en\/wp-json\/wp\/v2\/types\/product"}],"replies":[{"embeddable":true,"href":"https:\/\/kaminameister.ee\/en\/wp-json\/wp\/v2\/comments?post=5693"}],"wp:featuredmedia":[{"embeddable":true,"href":"https:\/\/kaminameister.ee\/en\/wp-json\/wp\/v2\/media\/1197"}],"wp:attachment":[{"href":"https:\/\/kaminameister.ee\/en\/wp-json\/wp\/v2\/media?parent=5693"}],"wp:term":[{"taxonomy":"product_brand","embeddable":true,"href":"https:\/\/kaminameister.ee\/en\/wp-json\/wp\/v2\/product_brand?post=5693"},{"taxonomy":"product_cat","embeddable":true,"href":"https:\/\/kaminameister.ee\/en\/wp-json\/wp\/v2\/product_cat?post=5693"},{"taxonomy":"product_tag","embeddable":true,"href":"https:\/\/kaminameister.ee\/en\/wp-json\/wp\/v2\/product_tag?post=5693"}],"curies":[{"name":"wp","href":"https:\/\/api.w.org\/{rel}","templated":true}]}}