{"id":5368,"date":"2024-09-24T12:03:46","date_gmt":"2024-09-24T09:03:46","guid":{"rendered":"http:\/\/kaminameister.ee\/?post_type=product&#038;p=5368"},"modified":"2025-05-21T16:26:33","modified_gmt":"2025-05-21T13:26:33","slug":"kamin-petit-godin-art-310107cheminees-godin-chauffage","status":"publish","type":"product","link":"https:\/\/kaminameister.ee\/en\/tooted\/kaminad\/valmiskaminad\/kamin-petit-godin-art-310107cheminees-godin-chauffage\/","title":{"rendered":"kamin Petit Godin ,art 310107(Cheminees Godin Chauffage)"},"content":{"rendered":"","protected":false},"excerpt":{"rendered":"<p><i>Taas tootmises ikooniline Cheminees Godini Chauffage kamin Petit Godin!<\/i><\/p>\n<p><em>Nominaalv\u00f5imsus: 7,5 kW, k\u00f5rgus: 957 mm, laius: 515,2 mm, s\u00fcgavus: 702 mm,kaal 110 kg., kasutegur: 78%, suitsugaasi temperatuur: 322\u00b0C. Kolde m\u00f5\u00f5t:d.290 mm* H 580 mm.Suitsutoru diameeter 125 mm. K\u00fctteliik: ainult puuk\u00fcttel,halud 50 cm.<\/em><\/p>\n<p><i><strong>H<\/strong><b>ind\u00a0 4 154\u20ac<\/b><\/i><\/p>\n<p><i>V\u00e4rvitoonid: gris metallise, sahara,vert atoll(hiljem\u00a0 ka bleu paon).<\/i><\/p>\n<p><em>Kamina tooteleht: \u00a0\u00a0 \u00a0<a href=\"http:\/\/kaminameister.ee\/wp-content\/uploads\/2024\/09\/fp-310107-02-petit-godin-tooteleht.pdf\">FP-310107-02-PETIT GODIN tooteleht<\/a>\u00a0 \u00a0 \u00a0 \u00a0 \u00a0 \u00a0 \u00a0 \u00a0 \u00a0 \u00a0 \u00a0 \u00a0 \u00a0 <a href=\"http:\/\/kaminameister.ee\/wp-content\/uploads\/2024\/09\/petit-godin-310107.pdf\">Petit Godin 310107<\/a><\/em><\/p>\n<p><i>\u00a0<\/i><\/p>\n","protected":false},"featured_media":5378,"comment_status":"open","ping_status":"closed","template":"","meta":{"_et_pb_use_builder":"","_et_pb_old_content":"","_et_gb_content_width":""},"product_brand":[137],"product_cat":[24,46],"product_tag":[],"class_list":{"0":"post-5368","1":"product","2":"type-product","3":"status-publish","4":"has-post-thumbnail","6":"product_brand-cheminees-godin","7":"product_cat-kaminad","8":"product_cat-valmiskaminad","9":"pa_brand-cheminees-godin","11":"first","12":"instock","13":"shipping-taxable","14":"purchasable","15":"product-type-simple"},"_links":{"self":[{"href":"https:\/\/kaminameister.ee\/en\/wp-json\/wp\/v2\/product\/5368","targetHints":{"allow":["GET"]}}],"collection":[{"href":"https:\/\/kaminameister.ee\/en\/wp-json\/wp\/v2\/product"}],"about":[{"href":"https:\/\/kaminameister.ee\/en\/wp-json\/wp\/v2\/types\/product"}],"replies":[{"embeddable":true,"href":"https:\/\/kaminameister.ee\/en\/wp-json\/wp\/v2\/comments?post=5368"}],"wp:featuredmedia":[{"embeddable":true,"href":"https:\/\/kaminameister.ee\/en\/wp-json\/wp\/v2\/media\/5378"}],"wp:attachment":[{"href":"https:\/\/kaminameister.ee\/en\/wp-json\/wp\/v2\/media?parent=5368"}],"wp:term":[{"taxonomy":"product_brand","embeddable":true,"href":"https:\/\/kaminameister.ee\/en\/wp-json\/wp\/v2\/product_brand?post=5368"},{"taxonomy":"product_cat","embeddable":true,"href":"https:\/\/kaminameister.ee\/en\/wp-json\/wp\/v2\/product_cat?post=5368"},{"taxonomy":"product_tag","embeddable":true,"href":"https:\/\/kaminameister.ee\/en\/wp-json\/wp\/v2\/product_tag?post=5368"}],"curies":[{"name":"wp","href":"https:\/\/api.w.org\/{rel}","templated":true}]}}