{"id":5192,"date":"2024-07-31T13:19:43","date_gmt":"2024-07-31T10:19:43","guid":{"rendered":"http:\/\/kaminameister.ee\/?post_type=product&#038;p=5192"},"modified":"2025-05-21T16:16:03","modified_gmt":"2025-05-21T13:16:03","slug":"panoramic-90-2-klaasigaferlux","status":"publish","type":"product","link":"https:\/\/kaminameister.ee\/en\/tooted\/kaminasudamikud\/nurga-klaasiga\/panoramic-90-2-klaasigaferlux\/","title":{"rendered":"Panoramic 90 2 klaasiga(Ferlux)"},"content":{"rendered":"","protected":false},"excerpt":{"rendered":"<p><em>Suitsutoru d.200 mm. Kolde m\u00f5\u00f5t:\u00a0 L 798 x S 301 x\u00a0 H 293 mm.\u00a0 Klaasi m\u00f5\u00f5t: 891*491 ja k\u00fcljeklaas 402*489 mm.<\/em><\/p>\n<p><em>Kaal\u00a0 151 kg , nominaalv\u00f5imsus: 14,6 kW, k\u00f5rgus: 590 mm, laius: 950 mm, s\u00fcgavus: 502 mm, kasutegur: 77,8 %, suitsugaasi temperatuur: 249,7<i>\u00b0<\/i>C.<\/em><\/p>\n<p><strong><em>Hind: 2 730\u20ac<\/em><\/strong><\/p>\n<p><em>Tehniline joonis<\/em>:\u00a0 <a href=\"http:\/\/kaminameister.ee\/wp-content\/uploads\/2024\/07\/panoramic-90-2c.pdf\">Panoramic 90 2C<\/a><\/p>\n","protected":false},"featured_media":5196,"comment_status":"open","ping_status":"closed","template":"","meta":{"_et_pb_use_builder":"","_et_pb_old_content":"","_et_gb_content_width":""},"product_brand":[140],"product_cat":[32,65],"product_tag":[],"class_list":{"0":"post-5192","1":"product","2":"type-product","3":"status-publish","4":"has-post-thumbnail","6":"product_brand-ferlux","7":"product_cat-kaminasudamikud","8":"product_cat-nurga-klaasiga","9":"pa_brand-ferlux","11":"first","12":"instock","13":"shipping-taxable","14":"purchasable","15":"product-type-simple"},"_links":{"self":[{"href":"https:\/\/kaminameister.ee\/en\/wp-json\/wp\/v2\/product\/5192","targetHints":{"allow":["GET"]}}],"collection":[{"href":"https:\/\/kaminameister.ee\/en\/wp-json\/wp\/v2\/product"}],"about":[{"href":"https:\/\/kaminameister.ee\/en\/wp-json\/wp\/v2\/types\/product"}],"replies":[{"embeddable":true,"href":"https:\/\/kaminameister.ee\/en\/wp-json\/wp\/v2\/comments?post=5192"}],"wp:featuredmedia":[{"embeddable":true,"href":"https:\/\/kaminameister.ee\/en\/wp-json\/wp\/v2\/media\/5196"}],"wp:attachment":[{"href":"https:\/\/kaminameister.ee\/en\/wp-json\/wp\/v2\/media?parent=5192"}],"wp:term":[{"taxonomy":"product_brand","embeddable":true,"href":"https:\/\/kaminameister.ee\/en\/wp-json\/wp\/v2\/product_brand?post=5192"},{"taxonomy":"product_cat","embeddable":true,"href":"https:\/\/kaminameister.ee\/en\/wp-json\/wp\/v2\/product_cat?post=5192"},{"taxonomy":"product_tag","embeddable":true,"href":"https:\/\/kaminameister.ee\/en\/wp-json\/wp\/v2\/product_tag?post=5192"}],"curies":[{"name":"wp","href":"https:\/\/api.w.org\/{rel}","templated":true}]}}