{"id":5163,"date":"2024-07-31T12:22:31","date_gmt":"2024-07-31T09:22:31","guid":{"rendered":"http:\/\/kaminameister.ee\/?post_type=product&#038;p=5163"},"modified":"2025-05-21T16:16:03","modified_gmt":"2025-05-21T13:16:03","slug":"ironferlux","status":"publish","type":"product","link":"https:\/\/kaminameister.ee\/en\/tooted\/kaminasudamikud\/sirge-klaasiga\/ironferlux\/","title":{"rendered":"Iron(Ferlux)"},"content":{"rendered":"","protected":false},"excerpt":{"rendered":"<p><em>Suitsutoru d.200 mm.Kolde m\u00f5\u00f5t:\u00a0 L 622 x S 294 x\u00a0 H 365 mm.\u00a0 Klaasi m\u00f5\u00f5t:610*380 mm.<\/em><\/p>\n<p><em>Kaal\u00a0 140,5 kg , nominaalv\u00f5imsus: 12,4 kW, k\u00f5rgus: 551 mm, laius: 690 mm, s\u00fcgavus: 465 mm, kasutegur: 78,2%, suitsugaasi temperatuur: 287<i>\u00b0<\/i>C.<\/em><\/p>\n<p><em><strong>Hind: 2 084\u20ac<\/strong><\/em><\/p>\n<p><em>Tehniline joonis: <a href=\"http:\/\/kaminameister.ee\/wp-content\/uploads\/2024\/07\/iron.pdf\">Iron<\/a><\/em><\/p>\n","protected":false},"featured_media":5167,"comment_status":"open","ping_status":"closed","template":"","meta":{"_et_pb_use_builder":"","_et_pb_old_content":"","_et_gb_content_width":""},"product_brand":[140],"product_cat":[32,64],"product_tag":[],"class_list":{"0":"post-5163","1":"product","2":"type-product","3":"status-publish","4":"has-post-thumbnail","6":"product_brand-ferlux","7":"product_cat-kaminasudamikud","8":"product_cat-sirge-klaasiga","9":"pa_brand-ferlux","11":"first","12":"instock","13":"shipping-taxable","14":"purchasable","15":"product-type-simple"},"_links":{"self":[{"href":"https:\/\/kaminameister.ee\/en\/wp-json\/wp\/v2\/product\/5163","targetHints":{"allow":["GET"]}}],"collection":[{"href":"https:\/\/kaminameister.ee\/en\/wp-json\/wp\/v2\/product"}],"about":[{"href":"https:\/\/kaminameister.ee\/en\/wp-json\/wp\/v2\/types\/product"}],"replies":[{"embeddable":true,"href":"https:\/\/kaminameister.ee\/en\/wp-json\/wp\/v2\/comments?post=5163"}],"wp:featuredmedia":[{"embeddable":true,"href":"https:\/\/kaminameister.ee\/en\/wp-json\/wp\/v2\/media\/5167"}],"wp:attachment":[{"href":"https:\/\/kaminameister.ee\/en\/wp-json\/wp\/v2\/media?parent=5163"}],"wp:term":[{"taxonomy":"product_brand","embeddable":true,"href":"https:\/\/kaminameister.ee\/en\/wp-json\/wp\/v2\/product_brand?post=5163"},{"taxonomy":"product_cat","embeddable":true,"href":"https:\/\/kaminameister.ee\/en\/wp-json\/wp\/v2\/product_cat?post=5163"},{"taxonomy":"product_tag","embeddable":true,"href":"https:\/\/kaminameister.ee\/en\/wp-json\/wp\/v2\/product_tag?post=5163"}],"curies":[{"name":"wp","href":"https:\/\/api.w.org\/{rel}","templated":true}]}}