{"id":5142,"date":"2024-07-31T11:59:13","date_gmt":"2024-07-31T08:59:13","guid":{"rendered":"http:\/\/kaminameister.ee\/?post_type=product&#038;p=5142"},"modified":"2024-07-31T12:32:21","modified_gmt":"2024-07-31T09:32:21","slug":"fuji-70ferlux","status":"publish","type":"product","link":"https:\/\/kaminameister.ee\/en\/tooted\/kaminasudamikud\/sirge-klaasiga\/fuji-70ferlux\/","title":{"rendered":"Fuji 70(Ferlux)"},"content":{"rendered":"","protected":false},"excerpt":{"rendered":"<p><em>Suitsutoru d.150 mm.Kolde m\u00f5\u00f5t:\u00a0 L 554 x S 367 x\u00a0 H 246 mm.\u00a0 Klaasi m\u00f5\u00f5t:624,5*432,5 mm.<\/em><\/p>\n<p><em>Kaal\u00a0 90 kg , nominaalv\u00f5imsus: 6,4 kW, k\u00f5rgus: 563 mm, laius: 748 mm, s\u00fcgavus: 490 mm, kasutegur: 85%, suitsugaasi temperatuur: 272<i>\u00b0<\/i>C.<\/em><\/p>\n<p><em><strong>Hind: 2 082\u20ac<\/strong><\/em><\/p>\n<p><em>Tehniline joonis:\u00a0 <a href=\"http:\/\/kaminameister.ee\/wp-content\/uploads\/2024\/07\/fuji-70.pdf\">Fuji 70<\/a><\/em><\/p>\n","protected":false},"featured_media":5143,"comment_status":"open","ping_status":"closed","template":"","meta":{"_et_pb_use_builder":"","_et_pb_old_content":"","_et_gb_content_width":""},"product_brand":[],"product_cat":[32,64],"product_tag":[],"class_list":{"0":"post-5142","1":"product","2":"type-product","3":"status-publish","4":"has-post-thumbnail","6":"product_cat-kaminasudamikud","7":"product_cat-sirge-klaasiga","8":"pa_brand-ferlux","10":"first","11":"instock","12":"shipping-taxable","13":"purchasable","14":"product-type-simple"},"_links":{"self":[{"href":"https:\/\/kaminameister.ee\/en\/wp-json\/wp\/v2\/product\/5142","targetHints":{"allow":["GET"]}}],"collection":[{"href":"https:\/\/kaminameister.ee\/en\/wp-json\/wp\/v2\/product"}],"about":[{"href":"https:\/\/kaminameister.ee\/en\/wp-json\/wp\/v2\/types\/product"}],"replies":[{"embeddable":true,"href":"https:\/\/kaminameister.ee\/en\/wp-json\/wp\/v2\/comments?post=5142"}],"wp:featuredmedia":[{"embeddable":true,"href":"https:\/\/kaminameister.ee\/en\/wp-json\/wp\/v2\/media\/5143"}],"wp:attachment":[{"href":"https:\/\/kaminameister.ee\/en\/wp-json\/wp\/v2\/media?parent=5142"}],"wp:term":[{"taxonomy":"product_brand","embeddable":true,"href":"https:\/\/kaminameister.ee\/en\/wp-json\/wp\/v2\/product_brand?post=5142"},{"taxonomy":"product_cat","embeddable":true,"href":"https:\/\/kaminameister.ee\/en\/wp-json\/wp\/v2\/product_cat?post=5142"},{"taxonomy":"product_tag","embeddable":true,"href":"https:\/\/kaminameister.ee\/en\/wp-json\/wp\/v2\/product_tag?post=5142"}],"curies":[{"name":"wp","href":"https:\/\/api.w.org\/{rel}","templated":true}]}}