{"id":5117,"date":"2024-07-30T15:40:44","date_gmt":"2024-07-30T12:40:44","guid":{"rendered":"http:\/\/kaminameister.ee\/?post_type=product&#038;p=5117"},"modified":"2024-07-30T15:47:36","modified_gmt":"2024-07-30T12:47:36","slug":"teide-80ferlux","status":"publish","type":"product","link":"https:\/\/kaminameister.ee\/en\/tooted\/kaminasudamikud\/sirge-klaasiga\/teide-80ferlux\/","title":{"rendered":"Teide 80(Ferlux)"},"content":{"rendered":"","protected":false},"excerpt":{"rendered":"<p><em>Suitsutoru d.150 mm.Kolde m\u00f5\u00f5t: L 654 x S 367 x\u00a0 H 296 mm.Klaasi m\u00f5\u00f5t:724,5*482,5 mm.<\/em><\/p>\n<p><em>Kaal\u00a0 104 kg , nominaalv\u00f5imsus: 7,43 kW, k\u00f5rgus: 613 mm, laius: 842 mm, s\u00fcgavus: 490 mm, kasutegur: 75%, suitsugaasi temperatuur: 272<i>\u00b0<\/i>C.<\/em><\/p>\n<p><em><strong>Hind: 2 255\u20ac<\/strong><\/em><\/p>\n<p><em>Tehniline joonis: <a href=\"http:\/\/kaminameister.ee\/wp-content\/uploads\/2024\/07\/ficha-tecnica-teide-80.pdf\">Ficha-tecnica-TEIDE-80<\/a><\/em><\/p>\n","protected":false},"featured_media":5125,"comment_status":"open","ping_status":"closed","template":"","meta":{"_et_pb_use_builder":"","_et_pb_old_content":"","_et_gb_content_width":""},"product_brand":[],"product_cat":[32,64],"product_tag":[],"class_list":{"0":"post-5117","1":"product","2":"type-product","3":"status-publish","4":"has-post-thumbnail","6":"product_cat-kaminasudamikud","7":"product_cat-sirge-klaasiga","8":"pa_brand-ferlux","10":"first","11":"instock","12":"shipping-taxable","13":"purchasable","14":"product-type-simple"},"_links":{"self":[{"href":"https:\/\/kaminameister.ee\/en\/wp-json\/wp\/v2\/product\/5117","targetHints":{"allow":["GET"]}}],"collection":[{"href":"https:\/\/kaminameister.ee\/en\/wp-json\/wp\/v2\/product"}],"about":[{"href":"https:\/\/kaminameister.ee\/en\/wp-json\/wp\/v2\/types\/product"}],"replies":[{"embeddable":true,"href":"https:\/\/kaminameister.ee\/en\/wp-json\/wp\/v2\/comments?post=5117"}],"wp:featuredmedia":[{"embeddable":true,"href":"https:\/\/kaminameister.ee\/en\/wp-json\/wp\/v2\/media\/5125"}],"wp:attachment":[{"href":"https:\/\/kaminameister.ee\/en\/wp-json\/wp\/v2\/media?parent=5117"}],"wp:term":[{"taxonomy":"product_brand","embeddable":true,"href":"https:\/\/kaminameister.ee\/en\/wp-json\/wp\/v2\/product_brand?post=5117"},{"taxonomy":"product_cat","embeddable":true,"href":"https:\/\/kaminameister.ee\/en\/wp-json\/wp\/v2\/product_cat?post=5117"},{"taxonomy":"product_tag","embeddable":true,"href":"https:\/\/kaminameister.ee\/en\/wp-json\/wp\/v2\/product_tag?post=5117"}],"curies":[{"name":"wp","href":"https:\/\/api.w.org\/{rel}","templated":true}]}}