{"id":5096,"date":"2024-07-30T12:31:35","date_gmt":"2024-07-30T09:31:35","guid":{"rendered":"http:\/\/kaminameister.ee\/?post_type=product&#038;p=5096"},"modified":"2025-05-21T16:26:33","modified_gmt":"2025-05-21T13:26:33","slug":"kamin-equirre-cheminees-godin-chauffage","status":"publish","type":"product","link":"https:\/\/kaminameister.ee\/en\/tooted\/kaminad\/disainkaminad\/kamin-equirre-cheminees-godin-chauffage\/","title":{"rendered":"kamin Equirre (Cheminees Godin Chauffage)"},"content":{"rendered":"","protected":false},"excerpt":{"rendered":"<p><em>Nominaalv\u00f5imsus: 7.5 kW, k\u00f5rgus: 1253 mm, laius: 516 mm, s\u00fcgavus: 425 mm, kasutegur: 73.6%, suitsugaasi temperatuur: 299.5\u00b0C<\/em><\/p>\n<p><i>art.389130 fikseeritud jalg,hind<\/i><b><i>\u00a0:3 266\u20ac<\/i><\/b><\/p>\n<p><i>art.389131 360<em>\u00b0C<\/em> p\u00f6\u00f6ratav jalg hind<\/i><b><i>\u00a0: 4 798\u20ac<\/i><\/b><\/p>\n<p><em>Tehniline joonis:\u00a0 <a href=\"http:\/\/kaminameister.ee\/wp-content\/uploads\/2024\/07\/equirre-tehniline-joonis.pdf\">Equirre tehniline joonis<\/a><\/em><\/p>\n","protected":false},"featured_media":5097,"comment_status":"open","ping_status":"closed","template":"","meta":{"_et_pb_use_builder":"","_et_pb_old_content":"","_et_gb_content_width":""},"product_brand":[137],"product_cat":[49,24],"product_tag":[],"class_list":{"0":"post-5096","1":"product","2":"type-product","3":"status-publish","4":"has-post-thumbnail","6":"product_brand-cheminees-godin","7":"product_cat-disainkaminad","8":"product_cat-kaminad","9":"pa_brand-cheminees-godin","11":"first","12":"instock","13":"shipping-taxable","14":"purchasable","15":"product-type-simple"},"_links":{"self":[{"href":"https:\/\/kaminameister.ee\/en\/wp-json\/wp\/v2\/product\/5096","targetHints":{"allow":["GET"]}}],"collection":[{"href":"https:\/\/kaminameister.ee\/en\/wp-json\/wp\/v2\/product"}],"about":[{"href":"https:\/\/kaminameister.ee\/en\/wp-json\/wp\/v2\/types\/product"}],"replies":[{"embeddable":true,"href":"https:\/\/kaminameister.ee\/en\/wp-json\/wp\/v2\/comments?post=5096"}],"wp:featuredmedia":[{"embeddable":true,"href":"https:\/\/kaminameister.ee\/en\/wp-json\/wp\/v2\/media\/5097"}],"wp:attachment":[{"href":"https:\/\/kaminameister.ee\/en\/wp-json\/wp\/v2\/media?parent=5096"}],"wp:term":[{"taxonomy":"product_brand","embeddable":true,"href":"https:\/\/kaminameister.ee\/en\/wp-json\/wp\/v2\/product_brand?post=5096"},{"taxonomy":"product_cat","embeddable":true,"href":"https:\/\/kaminameister.ee\/en\/wp-json\/wp\/v2\/product_cat?post=5096"},{"taxonomy":"product_tag","embeddable":true,"href":"https:\/\/kaminameister.ee\/en\/wp-json\/wp\/v2\/product_tag?post=5096"}],"curies":[{"name":"wp","href":"https:\/\/api.w.org\/{rel}","templated":true}]}}