{"id":5089,"date":"2024-07-30T12:21:29","date_gmt":"2024-07-30T09:21:29","guid":{"rendered":"http:\/\/kaminameister.ee\/?post_type=product&#038;p=5089"},"modified":"2025-05-21T16:26:33","modified_gmt":"2025-05-21T13:26:33","slug":"kamin-baguera-df-cheminees-godin-chauffage","status":"publish","type":"product","link":"https:\/\/kaminameister.ee\/en\/tooted\/kaminad\/disainkaminad\/kamin-baguera-df-cheminees-godin-chauffage\/","title":{"rendered":"kamin Baguera DF (Cheminees Godin Chauffage)"},"content":{"rendered":"","protected":false},"excerpt":{"rendered":"<p><i>K\u00fcttepuude pikkus 50 cm.K\u00f6etav\u00a0 ala 200-400 m3.\u00a0\u00a0<\/i><em>Nominaalv\u00f5imsus: 10 kW, k\u00f5rgus: 951 mm, laius: 808 mm, s\u00fcgavus: 440 mm<\/em><\/p>\n<p><strong><em>Hind: 7 529\u20ac<\/em><\/strong><\/p>\n<p>&nbsp;<\/p>\n","protected":false},"featured_media":5090,"comment_status":"open","ping_status":"closed","template":"","meta":{"_et_pb_use_builder":"","_et_pb_old_content":"","_et_gb_content_width":""},"product_brand":[137],"product_cat":[49,24],"product_tag":[],"class_list":{"0":"post-5089","1":"product","2":"type-product","3":"status-publish","4":"has-post-thumbnail","6":"product_brand-cheminees-godin","7":"product_cat-disainkaminad","8":"product_cat-kaminad","9":"pa_brand-cheminees-godin","11":"first","12":"instock","13":"shipping-taxable","14":"purchasable","15":"product-type-simple"},"_links":{"self":[{"href":"https:\/\/kaminameister.ee\/en\/wp-json\/wp\/v2\/product\/5089","targetHints":{"allow":["GET"]}}],"collection":[{"href":"https:\/\/kaminameister.ee\/en\/wp-json\/wp\/v2\/product"}],"about":[{"href":"https:\/\/kaminameister.ee\/en\/wp-json\/wp\/v2\/types\/product"}],"replies":[{"embeddable":true,"href":"https:\/\/kaminameister.ee\/en\/wp-json\/wp\/v2\/comments?post=5089"}],"wp:featuredmedia":[{"embeddable":true,"href":"https:\/\/kaminameister.ee\/en\/wp-json\/wp\/v2\/media\/5090"}],"wp:attachment":[{"href":"https:\/\/kaminameister.ee\/en\/wp-json\/wp\/v2\/media?parent=5089"}],"wp:term":[{"taxonomy":"product_brand","embeddable":true,"href":"https:\/\/kaminameister.ee\/en\/wp-json\/wp\/v2\/product_brand?post=5089"},{"taxonomy":"product_cat","embeddable":true,"href":"https:\/\/kaminameister.ee\/en\/wp-json\/wp\/v2\/product_cat?post=5089"},{"taxonomy":"product_tag","embeddable":true,"href":"https:\/\/kaminameister.ee\/en\/wp-json\/wp\/v2\/product_tag?post=5089"}],"curies":[{"name":"wp","href":"https:\/\/api.w.org\/{rel}","templated":true}]}}