{"id":5072,"date":"2024-07-30T11:37:12","date_gmt":"2024-07-30T08:37:12","guid":{"rendered":"http:\/\/kaminameister.ee\/?post_type=product&#038;p=5072"},"modified":"2025-05-21T16:26:33","modified_gmt":"2025-05-21T13:26:33","slug":"kamin-carvin-366101-cheminees-godin-chauffage","status":"publish","type":"product","link":"https:\/\/kaminameister.ee\/en\/tooted\/kaminad\/valmiskaminad\/kamin-carvin-366101-cheminees-godin-chauffage\/","title":{"rendered":"kamin Carvin 366101 (Cheminees Godin Chauffage)"},"content":{"rendered":"","protected":false},"excerpt":{"rendered":"<p><em>Kaal: 150 kg, nominaalv\u00f5imsus: 11 kW, k\u00f5rgus: 855 mm, laius: 760 mm, s\u00fcgavus: 595 mm, kasutegur: 73%, suitsugaasi temperatuur: 335\u00b0C, CO: 0.19%<\/em><\/p>\n<p><i>Malmkamin.K\u00f6etav ala 200-500 m3.Korstna\u00fchenduse diameeter 180 mm.,\u00fchendus pealt ja tagant.K\u00fcttepuude pikkus 65 cm.<\/i><\/p>\n<p><b><i>Carvin,366101,must<\/i><\/b><i><b>,hind: 3 915\u20ac,\u00a0 sahara,bleu paon,vert atoll<\/b>:\u00a0<\/i><b><i>5 595\u20ac,\u00a0 muud v\u00e4rvid 5 456\u20ac<\/i><\/b><\/p>\n<p><em>Tehniline joonis: <a href=\"http:\/\/kaminameister.ee\/wp-content\/uploads\/2024\/07\/366101-366103-carvin-g.pdf\">366101 ,366103 CARVIN &#8211; G<\/a><\/em><\/p>\n","protected":false},"featured_media":5073,"comment_status":"open","ping_status":"closed","template":"","meta":{"_et_pb_use_builder":"","_et_pb_old_content":"","_et_gb_content_width":""},"product_brand":[137],"product_cat":[24,46],"product_tag":[],"class_list":{"0":"post-5072","1":"product","2":"type-product","3":"status-publish","4":"has-post-thumbnail","6":"product_brand-cheminees-godin","7":"product_cat-kaminad","8":"product_cat-valmiskaminad","9":"pa_brand-cheminees-godin","11":"first","12":"instock","13":"shipping-taxable","14":"purchasable","15":"product-type-simple"},"_links":{"self":[{"href":"https:\/\/kaminameister.ee\/en\/wp-json\/wp\/v2\/product\/5072","targetHints":{"allow":["GET"]}}],"collection":[{"href":"https:\/\/kaminameister.ee\/en\/wp-json\/wp\/v2\/product"}],"about":[{"href":"https:\/\/kaminameister.ee\/en\/wp-json\/wp\/v2\/types\/product"}],"replies":[{"embeddable":true,"href":"https:\/\/kaminameister.ee\/en\/wp-json\/wp\/v2\/comments?post=5072"}],"wp:featuredmedia":[{"embeddable":true,"href":"https:\/\/kaminameister.ee\/en\/wp-json\/wp\/v2\/media\/5073"}],"wp:attachment":[{"href":"https:\/\/kaminameister.ee\/en\/wp-json\/wp\/v2\/media?parent=5072"}],"wp:term":[{"taxonomy":"product_brand","embeddable":true,"href":"https:\/\/kaminameister.ee\/en\/wp-json\/wp\/v2\/product_brand?post=5072"},{"taxonomy":"product_cat","embeddable":true,"href":"https:\/\/kaminameister.ee\/en\/wp-json\/wp\/v2\/product_cat?post=5072"},{"taxonomy":"product_tag","embeddable":true,"href":"https:\/\/kaminameister.ee\/en\/wp-json\/wp\/v2\/product_tag?post=5072"}],"curies":[{"name":"wp","href":"https:\/\/api.w.org\/{rel}","templated":true}]}}