{"id":5065,"date":"2024-07-30T11:30:46","date_gmt":"2024-07-30T08:30:46","guid":{"rendered":"http:\/\/kaminameister.ee\/?post_type=product&#038;p=5065"},"modified":"2025-05-21T16:26:33","modified_gmt":"2025-05-21T13:26:33","slug":"kamin-courances-388113cheminees-godin-chauffage","status":"publish","type":"product","link":"https:\/\/kaminameister.ee\/en\/tooted\/kaminad\/valmiskaminad\/kamin-courances-388113cheminees-godin-chauffage\/","title":{"rendered":"kamin Courances 388113(Cheminees Godin Chauffage)"},"content":{"rendered":"","protected":false},"excerpt":{"rendered":"<p><em>Nominaalv\u00f5imsus: 7 kW, k\u00f5rgus: 787 mm, laius: 675 mm, s\u00fcgavus: 520 mm, kasutegur: 75,5%, CO: 0.13<\/em><\/p>\n<p><i>Malmkamin.K\u00f6etav ala 90-240 m3.Korstna\u00fchenduse diameeter 180 mm.,\u00fchendus pealt ja tagant.K\u00fcttepuude pikkus 50 cm.<\/i><\/p>\n<p><i>V\u00e4rvitud must v\u00f5i v\u00e4rviline majoolika: sahara<\/i><\/p>\n<p><i>\u00a0Courances,puuk\u00fcttel,must<b>,hind : 3 669\u20ac<\/b>,\u00a0 sahara :<\/i><b><i>5 317\u20ac,<\/i><\/b><i>\u00a0 muud v\u00e4rvid <\/i><b><i>5 709\u20ac<\/i><\/b><\/p>\n<p><em>tehniline joonis: <a href=\"http:\/\/kaminameister.ee\/wp-content\/uploads\/2024\/07\/fp-388113-courances.pdf\">fp 388113 Courances<\/a><\/em><\/p>\n","protected":false},"featured_media":5066,"comment_status":"open","ping_status":"closed","template":"","meta":{"_et_pb_use_builder":"","_et_pb_old_content":"","_et_gb_content_width":""},"product_brand":[137],"product_cat":[24,46],"product_tag":[],"class_list":{"0":"post-5065","1":"product","2":"type-product","3":"status-publish","4":"has-post-thumbnail","6":"product_brand-cheminees-godin","7":"product_cat-kaminad","8":"product_cat-valmiskaminad","9":"pa_brand-cheminees-godin","11":"first","12":"instock","13":"shipping-taxable","14":"purchasable","15":"product-type-simple"},"_links":{"self":[{"href":"https:\/\/kaminameister.ee\/en\/wp-json\/wp\/v2\/product\/5065","targetHints":{"allow":["GET"]}}],"collection":[{"href":"https:\/\/kaminameister.ee\/en\/wp-json\/wp\/v2\/product"}],"about":[{"href":"https:\/\/kaminameister.ee\/en\/wp-json\/wp\/v2\/types\/product"}],"replies":[{"embeddable":true,"href":"https:\/\/kaminameister.ee\/en\/wp-json\/wp\/v2\/comments?post=5065"}],"wp:featuredmedia":[{"embeddable":true,"href":"https:\/\/kaminameister.ee\/en\/wp-json\/wp\/v2\/media\/5066"}],"wp:attachment":[{"href":"https:\/\/kaminameister.ee\/en\/wp-json\/wp\/v2\/media?parent=5065"}],"wp:term":[{"taxonomy":"product_brand","embeddable":true,"href":"https:\/\/kaminameister.ee\/en\/wp-json\/wp\/v2\/product_brand?post=5065"},{"taxonomy":"product_cat","embeddable":true,"href":"https:\/\/kaminameister.ee\/en\/wp-json\/wp\/v2\/product_cat?post=5065"},{"taxonomy":"product_tag","embeddable":true,"href":"https:\/\/kaminameister.ee\/en\/wp-json\/wp\/v2\/product_tag?post=5065"}],"curies":[{"name":"wp","href":"https:\/\/api.w.org\/{rel}","templated":true}]}}