{"id":4764,"date":"2024-07-15T15:17:42","date_gmt":"2024-07-15T12:17:42","guid":{"rendered":"http:\/\/kaminameister.ee\/?post_type=product&#038;p=4764"},"modified":"2025-05-21T16:27:41","modified_gmt":"2025-05-21T13:27:41","slug":"fassaad-victoria-arriaga-stone","status":"publish","type":"product","link":"https:\/\/kaminameister.ee\/en\/tooted\/kaminad\/fassaadikaminad\/fassaad-victoria-arriaga-stone\/","title":{"rendered":"fassaad VICTORIA (Arriaga Stone)"},"content":{"rendered":"","protected":false},"excerpt":{"rendered":"<p><i>\u00a0pildil\u00a0materjal: Blanco Thassos, hind: 26 009\u20ac.\u00a0Ava m\u00f5\u00f5dud: H 85*L 100 cm,v\u00e4lism\u00f5\u00f5t H 131*L 173* S 47 cm<\/i><\/p>\n<p><i>Mudeli hind s\u00f5ltub materjalist. Mudel Victoria hinnad alates: 20 434\u20ac<\/i><\/p>\n","protected":false},"featured_media":4765,"comment_status":"open","ping_status":"closed","template":"","meta":{"_et_pb_use_builder":"","_et_pb_old_content":"","_et_gb_content_width":""},"product_brand":[134],"product_cat":[48,24],"product_tag":[],"class_list":{"0":"post-4764","1":"product","2":"type-product","3":"status-publish","4":"has-post-thumbnail","6":"product_brand-arriaga-stone","7":"product_cat-fassaadikaminad","8":"product_cat-kaminad","9":"pa_brand-arriaga-stine","11":"first","12":"instock","13":"shipping-taxable","14":"purchasable","15":"product-type-simple"},"_links":{"self":[{"href":"https:\/\/kaminameister.ee\/en\/wp-json\/wp\/v2\/product\/4764","targetHints":{"allow":["GET"]}}],"collection":[{"href":"https:\/\/kaminameister.ee\/en\/wp-json\/wp\/v2\/product"}],"about":[{"href":"https:\/\/kaminameister.ee\/en\/wp-json\/wp\/v2\/types\/product"}],"replies":[{"embeddable":true,"href":"https:\/\/kaminameister.ee\/en\/wp-json\/wp\/v2\/comments?post=4764"}],"wp:featuredmedia":[{"embeddable":true,"href":"https:\/\/kaminameister.ee\/en\/wp-json\/wp\/v2\/media\/4765"}],"wp:attachment":[{"href":"https:\/\/kaminameister.ee\/en\/wp-json\/wp\/v2\/media?parent=4764"}],"wp:term":[{"taxonomy":"product_brand","embeddable":true,"href":"https:\/\/kaminameister.ee\/en\/wp-json\/wp\/v2\/product_brand?post=4764"},{"taxonomy":"product_cat","embeddable":true,"href":"https:\/\/kaminameister.ee\/en\/wp-json\/wp\/v2\/product_cat?post=4764"},{"taxonomy":"product_tag","embeddable":true,"href":"https:\/\/kaminameister.ee\/en\/wp-json\/wp\/v2\/product_tag?post=4764"}],"curies":[{"name":"wp","href":"https:\/\/api.w.org\/{rel}","templated":true}]}}