{"id":4715,"date":"2024-07-15T14:45:49","date_gmt":"2024-07-15T11:45:49","guid":{"rendered":"http:\/\/kaminameister.ee\/?post_type=product&#038;p=4715"},"modified":"2025-05-21T16:27:42","modified_gmt":"2025-05-21T13:27:42","slug":"fassaad-oslo-arriaga-stone","status":"publish","type":"product","link":"https:\/\/kaminameister.ee\/en\/tooted\/kaminad\/fassaadikaminad\/fassaad-oslo-arriaga-stone\/","title":{"rendered":"fassaad OSLO (Arriaga Stone)"},"content":{"rendered":"","protected":false},"excerpt":{"rendered":"<p><i>pildil\u00a0materjal: Travertino Oro . Ava m\u00f5\u00f5dud: H 82*L 89 cm,v\u00e4lism\u00f5\u00f5t H 124*L 135* S 38 cm<\/i><\/p>\n<p><i>Mudeli hind s\u00f5ltub materjalist. Mudel Oslo hinnad alates: 8 076\u20ac<\/i><\/p>\n<p><a href=\"http:\/\/kaminameister.ee\/wp-content\/uploads\/2024\/07\/oslo-tehniline.pdf\">Oslo tehniline<\/a><\/p>\n","protected":false},"featured_media":4716,"comment_status":"open","ping_status":"closed","template":"","meta":{"_et_pb_use_builder":"","_et_pb_old_content":"","_et_gb_content_width":""},"product_brand":[134],"product_cat":[48,24],"product_tag":[],"class_list":{"0":"post-4715","1":"product","2":"type-product","3":"status-publish","4":"has-post-thumbnail","6":"product_brand-arriaga-stone","7":"product_cat-fassaadikaminad","8":"product_cat-kaminad","9":"pa_brand-arriaga-stine","11":"first","12":"instock","13":"shipping-taxable","14":"purchasable","15":"product-type-simple"},"_links":{"self":[{"href":"https:\/\/kaminameister.ee\/en\/wp-json\/wp\/v2\/product\/4715","targetHints":{"allow":["GET"]}}],"collection":[{"href":"https:\/\/kaminameister.ee\/en\/wp-json\/wp\/v2\/product"}],"about":[{"href":"https:\/\/kaminameister.ee\/en\/wp-json\/wp\/v2\/types\/product"}],"replies":[{"embeddable":true,"href":"https:\/\/kaminameister.ee\/en\/wp-json\/wp\/v2\/comments?post=4715"}],"wp:featuredmedia":[{"embeddable":true,"href":"https:\/\/kaminameister.ee\/en\/wp-json\/wp\/v2\/media\/4716"}],"wp:attachment":[{"href":"https:\/\/kaminameister.ee\/en\/wp-json\/wp\/v2\/media?parent=4715"}],"wp:term":[{"taxonomy":"product_brand","embeddable":true,"href":"https:\/\/kaminameister.ee\/en\/wp-json\/wp\/v2\/product_brand?post=4715"},{"taxonomy":"product_cat","embeddable":true,"href":"https:\/\/kaminameister.ee\/en\/wp-json\/wp\/v2\/product_cat?post=4715"},{"taxonomy":"product_tag","embeddable":true,"href":"https:\/\/kaminameister.ee\/en\/wp-json\/wp\/v2\/product_tag?post=4715"}],"curies":[{"name":"wp","href":"https:\/\/api.w.org\/{rel}","templated":true}]}}