{"id":4655,"date":"2024-07-15T14:20:17","date_gmt":"2024-07-15T11:20:17","guid":{"rendered":"http:\/\/kaminameister.ee\/?post_type=product&#038;p=4655"},"modified":"2025-05-21T16:27:42","modified_gmt":"2025-05-21T13:27:42","slug":"fassaad-charlotte-arriaga-stone","status":"publish","type":"product","link":"https:\/\/kaminameister.ee\/en\/tooted\/kaminad\/fassaadikaminad\/fassaad-charlotte-arriaga-stone\/","title":{"rendered":"fassaad CHARLOTTE (Arriaga Stone)"},"content":{"rendered":"","protected":false},"excerpt":{"rendered":"<p><i>pildil marmor: Celia\u00a0Ava m\u00f5\u00f5dud: H 84,3*L 100 cm,v\u00e4lism\u00f5\u00f5t H 132*L 176* S 47 cm<\/i><\/p>\n<p><i>Mudeli hind s\u00f5ltub materjali valikust. Mudel Charlotte hinnad alates 11 160\u20ac<\/i><\/p>\n<p><a href=\"http:\/\/kaminameister.ee\/wp-content\/uploads\/2024\/07\/charlotte-tehniline.pdf\">Charlotte tehniline<\/a><\/p>\n","protected":false},"featured_media":4656,"comment_status":"open","ping_status":"closed","template":"","meta":{"_et_pb_use_builder":"","_et_pb_old_content":"","_et_gb_content_width":""},"product_brand":[134],"product_cat":[48,24],"product_tag":[],"class_list":{"0":"post-4655","1":"product","2":"type-product","3":"status-publish","4":"has-post-thumbnail","6":"product_brand-arriaga-stone","7":"product_cat-fassaadikaminad","8":"product_cat-kaminad","9":"pa_brand-arriaga-stine","11":"first","12":"instock","13":"shipping-taxable","14":"purchasable","15":"product-type-simple"},"_links":{"self":[{"href":"https:\/\/kaminameister.ee\/en\/wp-json\/wp\/v2\/product\/4655","targetHints":{"allow":["GET"]}}],"collection":[{"href":"https:\/\/kaminameister.ee\/en\/wp-json\/wp\/v2\/product"}],"about":[{"href":"https:\/\/kaminameister.ee\/en\/wp-json\/wp\/v2\/types\/product"}],"replies":[{"embeddable":true,"href":"https:\/\/kaminameister.ee\/en\/wp-json\/wp\/v2\/comments?post=4655"}],"wp:featuredmedia":[{"embeddable":true,"href":"https:\/\/kaminameister.ee\/en\/wp-json\/wp\/v2\/media\/4656"}],"wp:attachment":[{"href":"https:\/\/kaminameister.ee\/en\/wp-json\/wp\/v2\/media?parent=4655"}],"wp:term":[{"taxonomy":"product_brand","embeddable":true,"href":"https:\/\/kaminameister.ee\/en\/wp-json\/wp\/v2\/product_brand?post=4655"},{"taxonomy":"product_cat","embeddable":true,"href":"https:\/\/kaminameister.ee\/en\/wp-json\/wp\/v2\/product_cat?post=4655"},{"taxonomy":"product_tag","embeddable":true,"href":"https:\/\/kaminameister.ee\/en\/wp-json\/wp\/v2\/product_tag?post=4655"}],"curies":[{"name":"wp","href":"https:\/\/api.w.org\/{rel}","templated":true}]}}