{"id":4512,"date":"2024-07-11T14:08:20","date_gmt":"2024-07-11T11:08:20","guid":{"rendered":"http:\/\/kaminameister.ee\/?post_type=product&#038;p=4512"},"modified":"2025-05-21T16:19:25","modified_gmt":"2025-05-21T13:19:25","slug":"tikuhoidja-stovax","status":"publish","type":"product","link":"https:\/\/kaminameister.ee\/en\/tooted\/aksessuaarid\/tikuhoidja-stovax\/","title":{"rendered":"Tikuhoidja (Stovax)"},"content":{"rendered":"","protected":false},"excerpt":{"rendered":"<p><i>Messingist tikuhoidja pikkadele kaminatikkudele(tikud ei ole hinna sees)d.70 mm<\/i><\/p>\n<p><i>Leiunurgas olevad tooted on olnud n\u00e4idised , neil v\u00f5ivad puududa originaalpakendid ja esineda v\u00e4ikesed v\u00e4lised defektid!<\/i><\/p>\n<p><strong><em>Tavahind: 15\u20ac, soodushind: 12\u20ac<\/em><\/strong><\/p>\n<p>&nbsp;<\/p>\n","protected":false},"featured_media":4513,"comment_status":"open","ping_status":"closed","template":"","meta":{"_et_pb_use_builder":"","_et_pb_old_content":"","_et_gb_content_width":""},"product_brand":[153],"product_cat":[41,22,21],"product_tag":[],"class_list":{"0":"post-4512","1":"product","2":"type-product","3":"status-publish","4":"has-post-thumbnail","6":"product_brand-stovax-gaxzco","7":"product_cat-aksessuaarid","8":"product_cat-leiunurk","9":"product_cat-soodushind","10":"pa_brand-stovax-gaxzco","12":"first","13":"instock","14":"sale","15":"shipping-taxable","16":"purchasable","17":"product-type-simple"},"_links":{"self":[{"href":"https:\/\/kaminameister.ee\/en\/wp-json\/wp\/v2\/product\/4512","targetHints":{"allow":["GET"]}}],"collection":[{"href":"https:\/\/kaminameister.ee\/en\/wp-json\/wp\/v2\/product"}],"about":[{"href":"https:\/\/kaminameister.ee\/en\/wp-json\/wp\/v2\/types\/product"}],"replies":[{"embeddable":true,"href":"https:\/\/kaminameister.ee\/en\/wp-json\/wp\/v2\/comments?post=4512"}],"wp:featuredmedia":[{"embeddable":true,"href":"https:\/\/kaminameister.ee\/en\/wp-json\/wp\/v2\/media\/4513"}],"wp:attachment":[{"href":"https:\/\/kaminameister.ee\/en\/wp-json\/wp\/v2\/media?parent=4512"}],"wp:term":[{"taxonomy":"product_brand","embeddable":true,"href":"https:\/\/kaminameister.ee\/en\/wp-json\/wp\/v2\/product_brand?post=4512"},{"taxonomy":"product_cat","embeddable":true,"href":"https:\/\/kaminameister.ee\/en\/wp-json\/wp\/v2\/product_cat?post=4512"},{"taxonomy":"product_tag","embeddable":true,"href":"https:\/\/kaminameister.ee\/en\/wp-json\/wp\/v2\/product_tag?post=4512"}],"curies":[{"name":"wp","href":"https:\/\/api.w.org\/{rel}","templated":true}]}}