{"id":4458,"date":"2024-07-11T11:14:26","date_gmt":"2024-07-11T08:14:26","guid":{"rendered":"http:\/\/kaminameister.ee\/?post_type=product&#038;p=4458"},"modified":"2025-05-21T16:20:31","modified_gmt":"2025-05-21T13:20:31","slug":"saslokivarraste-hoidjareignoux","status":"publish","type":"product","link":"https:\/\/kaminameister.ee\/en\/tooted\/ahju-kamina-ja-pliiditarvikud\/saslokivarraste-hoidjareignoux\/","title":{"rendered":"\u0161a\u0161l\u00f5kivarraste hoidja(Reignoux)"},"content":{"rendered":"","protected":false},"excerpt":{"rendered":"<p><i>S\u00fcgavus 400 mm,k\u00f5rgus 500 mm,laius\u00a0 440 mm.2*3 varda paigaldamise k\u00f5rgust<\/i><\/p>\n<p><strong><em>Hind: 23\u20ac<\/em><\/strong><\/p>\n","protected":false},"featured_media":4459,"comment_status":"open","ping_status":"closed","template":"","meta":{"_et_pb_use_builder":"","_et_pb_old_content":"","_et_gb_content_width":""},"product_brand":[150],"product_cat":[23],"product_tag":[],"class_list":{"0":"post-4458","1":"product","2":"type-product","3":"status-publish","4":"has-post-thumbnail","6":"product_brand-reignoux","7":"product_cat-ahju-kamina-ja-pliiditarvikud","8":"pa_brand-reignoux","10":"first","11":"instock","12":"shipping-taxable","13":"purchasable","14":"product-type-simple"},"_links":{"self":[{"href":"https:\/\/kaminameister.ee\/en\/wp-json\/wp\/v2\/product\/4458","targetHints":{"allow":["GET"]}}],"collection":[{"href":"https:\/\/kaminameister.ee\/en\/wp-json\/wp\/v2\/product"}],"about":[{"href":"https:\/\/kaminameister.ee\/en\/wp-json\/wp\/v2\/types\/product"}],"replies":[{"embeddable":true,"href":"https:\/\/kaminameister.ee\/en\/wp-json\/wp\/v2\/comments?post=4458"}],"wp:featuredmedia":[{"embeddable":true,"href":"https:\/\/kaminameister.ee\/en\/wp-json\/wp\/v2\/media\/4459"}],"wp:attachment":[{"href":"https:\/\/kaminameister.ee\/en\/wp-json\/wp\/v2\/media?parent=4458"}],"wp:term":[{"taxonomy":"product_brand","embeddable":true,"href":"https:\/\/kaminameister.ee\/en\/wp-json\/wp\/v2\/product_brand?post=4458"},{"taxonomy":"product_cat","embeddable":true,"href":"https:\/\/kaminameister.ee\/en\/wp-json\/wp\/v2\/product_cat?post=4458"},{"taxonomy":"product_tag","embeddable":true,"href":"https:\/\/kaminameister.ee\/en\/wp-json\/wp\/v2\/product_tag?post=4458"}],"curies":[{"name":"wp","href":"https:\/\/api.w.org\/{rel}","templated":true}]}}