{"id":4438,"date":"2024-07-11T10:11:33","date_gmt":"2024-07-11T07:11:33","guid":{"rendered":"http:\/\/kaminameister.ee\/?post_type=product&#038;p=4438"},"modified":"2025-05-21T16:18:47","modified_gmt":"2025-05-21T13:18:47","slug":"tahmaluuk-upo-0411upo-puulampo","status":"publish","type":"product","link":"https:\/\/kaminameister.ee\/en\/tooted\/ahju-kamina-ja-pliiditarvikud\/tahmaluuk-upo-0411upo-puulampo\/","title":{"rendered":"Tahmaluuk UPO 0411(UPO Puul\u00e4mp\u00f6)"},"content":{"rendered":"","protected":false},"excerpt":{"rendered":"<p><i>Valutoodetel toodud m\u00f5\u00f5dud on m\u00fc\u00fcrsepa ehk ava m\u00f5\u00f5dud<\/i><\/p>\n<p><i>Leiunurgas olevad tooted on olnud n\u00e4idised , neil v\u00f5ivad puududa originaalpakendid ja esineda v\u00e4ikesed v\u00e4lised defektid!<\/i><\/p>\n<p><em>K\u00f5rgus: 65 mm, laius: 130 mm<\/em><\/p>\n<p><strong><em>Tavahind: 14\u20ac, soodushind: 10\u20ac<\/em><\/strong><\/p>\n","protected":false},"featured_media":4439,"comment_status":"open","ping_status":"closed","template":"","meta":{"_et_pb_use_builder":"","_et_pb_old_content":"","_et_gb_content_width":""},"product_brand":[156],"product_cat":[23,22,21],"product_tag":[],"class_list":{"0":"post-4438","1":"product","2":"type-product","3":"status-publish","4":"has-post-thumbnail","6":"product_brand-upo-puulampo","7":"product_cat-ahju-kamina-ja-pliiditarvikud","8":"product_cat-leiunurk","9":"product_cat-soodushind","10":"pa_brand-upo-puulampo","12":"first","13":"instock","14":"sale","15":"shipping-taxable","16":"purchasable","17":"product-type-simple"},"_links":{"self":[{"href":"https:\/\/kaminameister.ee\/en\/wp-json\/wp\/v2\/product\/4438","targetHints":{"allow":["GET"]}}],"collection":[{"href":"https:\/\/kaminameister.ee\/en\/wp-json\/wp\/v2\/product"}],"about":[{"href":"https:\/\/kaminameister.ee\/en\/wp-json\/wp\/v2\/types\/product"}],"replies":[{"embeddable":true,"href":"https:\/\/kaminameister.ee\/en\/wp-json\/wp\/v2\/comments?post=4438"}],"wp:featuredmedia":[{"embeddable":true,"href":"https:\/\/kaminameister.ee\/en\/wp-json\/wp\/v2\/media\/4439"}],"wp:attachment":[{"href":"https:\/\/kaminameister.ee\/en\/wp-json\/wp\/v2\/media?parent=4438"}],"wp:term":[{"taxonomy":"product_brand","embeddable":true,"href":"https:\/\/kaminameister.ee\/en\/wp-json\/wp\/v2\/product_brand?post=4438"},{"taxonomy":"product_cat","embeddable":true,"href":"https:\/\/kaminameister.ee\/en\/wp-json\/wp\/v2\/product_cat?post=4438"},{"taxonomy":"product_tag","embeddable":true,"href":"https:\/\/kaminameister.ee\/en\/wp-json\/wp\/v2\/product_tag?post=4438"}],"curies":[{"name":"wp","href":"https:\/\/api.w.org\/{rel}","templated":true}]}}