{"id":4425,"date":"2024-07-10T15:23:51","date_gmt":"2024-07-10T12:23:51","guid":{"rendered":"http:\/\/kaminameister.ee\/?post_type=product&#038;p=4425"},"modified":"2025-05-21T16:18:47","modified_gmt":"2025-05-21T13:18:47","slug":"upo-leivaahju-uks-0210upo-puulampo","status":"publish","type":"product","link":"https:\/\/kaminameister.ee\/en\/tooted\/ahju-kamina-ja-pliiditarvikud\/upo-leivaahju-uks-0210upo-puulampo\/","title":{"rendered":"UPO leivaahju uks 0210(UPO Puul\u00e4mp\u00f6)"},"content":{"rendered":"","protected":false},"excerpt":{"rendered":"<p><em>Valutoodetel toodud m\u00f5\u00f5dud on m\u00fc\u00fcrsepa ehk ava m\u00f5\u00f5dud<\/em><\/p>\n<p><i>Leiunurgas olevad tooted on olnud n\u00e4idised , neil v\u00f5ivad puududa originaalpakendid ja esineda v\u00e4ikesed v\u00e4lised defektid!<\/i><\/p>\n<p><em>Kaal: 5.5 kg, k\u00f5rgus: 155\/200 mm, laius: 370 mm<\/em><\/p>\n<p><strong><em>Tavahind: 118\u20ac, soodushind 83\u20ac<\/em><\/strong><\/p>\n","protected":false},"featured_media":4426,"comment_status":"open","ping_status":"closed","template":"","meta":{"_et_pb_use_builder":"","_et_pb_old_content":"","_et_gb_content_width":""},"product_brand":[156],"product_cat":[23,22,21],"product_tag":[],"class_list":{"0":"post-4425","1":"product","2":"type-product","3":"status-publish","4":"has-post-thumbnail","6":"product_brand-upo-puulampo","7":"product_cat-ahju-kamina-ja-pliiditarvikud","8":"product_cat-leiunurk","9":"product_cat-soodushind","10":"pa_brand-upo-puulampo","12":"first","13":"instock","14":"sale","15":"shipping-taxable","16":"purchasable","17":"product-type-simple"},"_links":{"self":[{"href":"https:\/\/kaminameister.ee\/en\/wp-json\/wp\/v2\/product\/4425","targetHints":{"allow":["GET"]}}],"collection":[{"href":"https:\/\/kaminameister.ee\/en\/wp-json\/wp\/v2\/product"}],"about":[{"href":"https:\/\/kaminameister.ee\/en\/wp-json\/wp\/v2\/types\/product"}],"replies":[{"embeddable":true,"href":"https:\/\/kaminameister.ee\/en\/wp-json\/wp\/v2\/comments?post=4425"}],"wp:featuredmedia":[{"embeddable":true,"href":"https:\/\/kaminameister.ee\/en\/wp-json\/wp\/v2\/media\/4426"}],"wp:attachment":[{"href":"https:\/\/kaminameister.ee\/en\/wp-json\/wp\/v2\/media?parent=4425"}],"wp:term":[{"taxonomy":"product_brand","embeddable":true,"href":"https:\/\/kaminameister.ee\/en\/wp-json\/wp\/v2\/product_brand?post=4425"},{"taxonomy":"product_cat","embeddable":true,"href":"https:\/\/kaminameister.ee\/en\/wp-json\/wp\/v2\/product_cat?post=4425"},{"taxonomy":"product_tag","embeddable":true,"href":"https:\/\/kaminameister.ee\/en\/wp-json\/wp\/v2\/product_tag?post=4425"}],"curies":[{"name":"wp","href":"https:\/\/api.w.org\/{rel}","templated":true}]}}