{"id":4417,"date":"2024-07-10T15:09:26","date_gmt":"2024-07-10T12:09:26","guid":{"rendered":"http:\/\/kaminameister.ee\/?post_type=product&#038;p=4417"},"modified":"2025-05-21T16:21:34","modified_gmt":"2025-05-21T13:21:34","slug":"leivaahju-uks-pisla-htt-130pisla","status":"publish","type":"product","link":"https:\/\/kaminameister.ee\/en\/tooted\/ahju-kamina-ja-pliiditarvikud\/leivaahju-uks-pisla-htt-130pisla\/","title":{"rendered":"Leivaahju uks Pisla HTT 130(Pisla)"},"content":{"rendered":"","protected":false},"excerpt":{"rendered":"<p><em>Valutoodetel toodud m\u00f5\u00f5dud on m\u00fc\u00fcrsepa ehk ava m\u00f5\u00f5dud.<\/em><\/p>\n<p><i>Leiunurgas olevad tooted on olnud n\u00e4idised , neil v\u00f5ivad puududa originaalpakendid ja esineda v\u00e4ikesed v\u00e4lised defektid!<\/i><\/p>\n<p><em>K\u00f5rgus: 205\/155 mm, laius: 440 mm<\/em><\/p>\n<p><em><strong>Tavahind 156\u20ac, soodushind 118\u20ac<\/strong><\/em><\/p>\n","protected":false},"featured_media":4418,"comment_status":"open","ping_status":"closed","template":"","meta":{"_et_pb_use_builder":"","_et_pb_old_content":"","_et_gb_content_width":""},"product_brand":[149],"product_cat":[23,22,21],"product_tag":[],"class_list":{"0":"post-4417","1":"product","2":"type-product","3":"status-publish","4":"has-post-thumbnail","6":"product_brand-pisla","7":"product_cat-ahju-kamina-ja-pliiditarvikud","8":"product_cat-leiunurk","9":"product_cat-soodushind","10":"pa_brand-pisla","12":"first","13":"instock","14":"sale","15":"shipping-taxable","16":"purchasable","17":"product-type-simple"},"_links":{"self":[{"href":"https:\/\/kaminameister.ee\/en\/wp-json\/wp\/v2\/product\/4417","targetHints":{"allow":["GET"]}}],"collection":[{"href":"https:\/\/kaminameister.ee\/en\/wp-json\/wp\/v2\/product"}],"about":[{"href":"https:\/\/kaminameister.ee\/en\/wp-json\/wp\/v2\/types\/product"}],"replies":[{"embeddable":true,"href":"https:\/\/kaminameister.ee\/en\/wp-json\/wp\/v2\/comments?post=4417"}],"wp:featuredmedia":[{"embeddable":true,"href":"https:\/\/kaminameister.ee\/en\/wp-json\/wp\/v2\/media\/4418"}],"wp:attachment":[{"href":"https:\/\/kaminameister.ee\/en\/wp-json\/wp\/v2\/media?parent=4417"}],"wp:term":[{"taxonomy":"product_brand","embeddable":true,"href":"https:\/\/kaminameister.ee\/en\/wp-json\/wp\/v2\/product_brand?post=4417"},{"taxonomy":"product_cat","embeddable":true,"href":"https:\/\/kaminameister.ee\/en\/wp-json\/wp\/v2\/product_cat?post=4417"},{"taxonomy":"product_tag","embeddable":true,"href":"https:\/\/kaminameister.ee\/en\/wp-json\/wp\/v2\/product_tag?post=4417"}],"curies":[{"name":"wp","href":"https:\/\/api.w.org\/{rel}","templated":true}]}}