{"id":4410,"date":"2024-07-10T14:56:23","date_gmt":"2024-07-10T11:56:23","guid":{"rendered":"http:\/\/kaminameister.ee\/?post_type=product&#038;p=4410"},"modified":"2025-05-21T16:21:34","modified_gmt":"2025-05-21T13:21:34","slug":"ahju-esiplekid","status":"publish","type":"product","link":"https:\/\/kaminameister.ee\/en\/tooted\/ahju-kamina-ja-pliiditarvikud\/ahju-esiplekid\/","title":{"rendered":"Ahju esiplekid(Pisla)"},"content":{"rendered":"","protected":false},"excerpt":{"rendered":"<p><i>Ahju esiplekkide lao t\u00fchjendusm\u00fc\u00fck! Toodetel v\u00f5ib esineda m\u00f5lke ja\u00a0 muid defekte!<\/i><\/p>\n<p><b><i>messing 40*70 cm, hind 33\u20ac\u00a0 \u00a0 \u00a0 \u00a0 \u00a0<\/i><\/b><b><i>roostevaba 40*100 cm, hind 44\u20ac<\/i><\/b><\/p>\n","protected":false},"featured_media":4411,"comment_status":"open","ping_status":"closed","template":"","meta":{"_et_pb_use_builder":"","_et_pb_old_content":"","_et_gb_content_width":""},"product_brand":[149],"product_cat":[23,22],"product_tag":[],"class_list":{"0":"post-4410","1":"product","2":"type-product","3":"status-publish","4":"has-post-thumbnail","6":"product_brand-pisla","7":"product_cat-ahju-kamina-ja-pliiditarvikud","8":"product_cat-leiunurk","9":"pa_brand-pisla","11":"first","12":"instock","13":"shipping-taxable","14":"product-type-simple"},"_links":{"self":[{"href":"https:\/\/kaminameister.ee\/en\/wp-json\/wp\/v2\/product\/4410","targetHints":{"allow":["GET"]}}],"collection":[{"href":"https:\/\/kaminameister.ee\/en\/wp-json\/wp\/v2\/product"}],"about":[{"href":"https:\/\/kaminameister.ee\/en\/wp-json\/wp\/v2\/types\/product"}],"replies":[{"embeddable":true,"href":"https:\/\/kaminameister.ee\/en\/wp-json\/wp\/v2\/comments?post=4410"}],"wp:featuredmedia":[{"embeddable":true,"href":"https:\/\/kaminameister.ee\/en\/wp-json\/wp\/v2\/media\/4411"}],"wp:attachment":[{"href":"https:\/\/kaminameister.ee\/en\/wp-json\/wp\/v2\/media?parent=4410"}],"wp:term":[{"taxonomy":"product_brand","embeddable":true,"href":"https:\/\/kaminameister.ee\/en\/wp-json\/wp\/v2\/product_brand?post=4410"},{"taxonomy":"product_cat","embeddable":true,"href":"https:\/\/kaminameister.ee\/en\/wp-json\/wp\/v2\/product_cat?post=4410"},{"taxonomy":"product_tag","embeddable":true,"href":"https:\/\/kaminameister.ee\/en\/wp-json\/wp\/v2\/product_tag?post=4410"}],"curies":[{"name":"wp","href":"https:\/\/api.w.org\/{rel}","templated":true}]}}