{"id":4371,"date":"2024-07-10T13:17:34","date_gmt":"2024-07-10T10:17:34","guid":{"rendered":"http:\/\/kaminameister.ee\/?post_type=product&#038;p=4371"},"modified":"2025-05-21T16:26:33","modified_gmt":"2025-05-21T13:26:33","slug":"kaminasudamiku-les-radiantes-600-tagaseincheminees-philippe","status":"publish","type":"product","link":"https:\/\/kaminameister.ee\/en\/tooted\/ahju-kamina-ja-pliiditarvikud\/kaminasudamiku-les-radiantes-600-tagaseincheminees-philippe\/","title":{"rendered":"Kaminas\u00fcdamiku Les Radiantes 600 tagasein(Cheminees Philippe)"},"content":{"rendered":"","protected":false},"excerpt":{"rendered":"<p><i>artikkel 600 5 BIS A, plaadi tagak\u00fcljel.Sobib Cheminees Philippe s\u00fcdamikele PRIMO, ja Les Radiantes 600 ning Cheminees Godini s\u00fcdamikule DEFI. Toode tellimisel.<\/i><\/p>\n<p><strong>Hind: 220\u20ac<\/strong><\/p>\n","protected":false},"featured_media":4372,"comment_status":"open","ping_status":"closed","template":"","meta":{"_et_pb_use_builder":"","_et_pb_old_content":"","_et_gb_content_width":""},"product_brand":[137,138],"product_cat":[23],"product_tag":[],"class_list":{"0":"post-4371","1":"product","2":"type-product","3":"status-publish","4":"has-post-thumbnail","6":"product_brand-cheminees-godin","7":"product_brand-cheminees-philippe","8":"product_cat-ahju-kamina-ja-pliiditarvikud","10":"first","11":"instock","12":"shipping-taxable","13":"purchasable","14":"product-type-simple"},"_links":{"self":[{"href":"https:\/\/kaminameister.ee\/en\/wp-json\/wp\/v2\/product\/4371","targetHints":{"allow":["GET"]}}],"collection":[{"href":"https:\/\/kaminameister.ee\/en\/wp-json\/wp\/v2\/product"}],"about":[{"href":"https:\/\/kaminameister.ee\/en\/wp-json\/wp\/v2\/types\/product"}],"replies":[{"embeddable":true,"href":"https:\/\/kaminameister.ee\/en\/wp-json\/wp\/v2\/comments?post=4371"}],"wp:featuredmedia":[{"embeddable":true,"href":"https:\/\/kaminameister.ee\/en\/wp-json\/wp\/v2\/media\/4372"}],"wp:attachment":[{"href":"https:\/\/kaminameister.ee\/en\/wp-json\/wp\/v2\/media?parent=4371"}],"wp:term":[{"taxonomy":"product_brand","embeddable":true,"href":"https:\/\/kaminameister.ee\/en\/wp-json\/wp\/v2\/product_brand?post=4371"},{"taxonomy":"product_cat","embeddable":true,"href":"https:\/\/kaminameister.ee\/en\/wp-json\/wp\/v2\/product_cat?post=4371"},{"taxonomy":"product_tag","embeddable":true,"href":"https:\/\/kaminameister.ee\/en\/wp-json\/wp\/v2\/product_tag?post=4371"}],"curies":[{"name":"wp","href":"https:\/\/api.w.org\/{rel}","templated":true}]}}