{"id":4367,"date":"2024-07-10T13:10:31","date_gmt":"2024-07-10T10:10:31","guid":{"rendered":"http:\/\/kaminameister.ee\/?post_type=product&#038;p=4367"},"modified":"2026-01-27T16:48:12","modified_gmt":"2026-01-27T14:48:12","slug":"kaminasudamiku-defi-tagaseincheminees-godin","status":"publish","type":"product","link":"https:\/\/kaminameister.ee\/en\/tooted\/ahju-kamina-ja-pliiditarvikud\/kaminasudamiku-defi-tagaseincheminees-godin\/","title":{"rendered":"Kaminas\u00fcdamiku Defi tagasein(Cheminees Godin)"},"content":{"rendered":"","protected":false},"excerpt":{"rendered":"<p><i>artikkel \u00a0600 4762,plaadi tagak\u00fcljel.Sobib Cheminees Godin s\u00fcdamikule DEFI ja Cheminees Philippe s\u00fcdamikele PRIMO ja Les Radiantes 600. Hetkel laoseisus pole.<\/i><\/p>\n<p><em>Mudelite Primo ja Defi tootmine l\u00f5petatud !<\/em><\/p>\n<p><strong><em>Hind: 220\u20ac<\/em><\/strong><\/p>\n","protected":false},"featured_media":4368,"comment_status":"open","ping_status":"closed","template":"","meta":{"_et_pb_use_builder":"","_et_pb_old_content":"","_et_gb_content_width":""},"product_brand":[137,138],"product_cat":[23],"product_tag":[],"class_list":{"0":"post-4367","1":"product","2":"type-product","3":"status-publish","4":"has-post-thumbnail","6":"product_brand-cheminees-godin","7":"product_brand-cheminees-philippe","8":"product_cat-ahju-kamina-ja-pliiditarvikud","9":"pa_brand-cheminees-godin","11":"first","12":"instock","13":"shipping-taxable","14":"purchasable","15":"product-type-simple"},"_links":{"self":[{"href":"https:\/\/kaminameister.ee\/en\/wp-json\/wp\/v2\/product\/4367","targetHints":{"allow":["GET"]}}],"collection":[{"href":"https:\/\/kaminameister.ee\/en\/wp-json\/wp\/v2\/product"}],"about":[{"href":"https:\/\/kaminameister.ee\/en\/wp-json\/wp\/v2\/types\/product"}],"replies":[{"embeddable":true,"href":"https:\/\/kaminameister.ee\/en\/wp-json\/wp\/v2\/comments?post=4367"}],"wp:featuredmedia":[{"embeddable":true,"href":"https:\/\/kaminameister.ee\/en\/wp-json\/wp\/v2\/media\/4368"}],"wp:attachment":[{"href":"https:\/\/kaminameister.ee\/en\/wp-json\/wp\/v2\/media?parent=4367"}],"wp:term":[{"taxonomy":"product_brand","embeddable":true,"href":"https:\/\/kaminameister.ee\/en\/wp-json\/wp\/v2\/product_brand?post=4367"},{"taxonomy":"product_cat","embeddable":true,"href":"https:\/\/kaminameister.ee\/en\/wp-json\/wp\/v2\/product_cat?post=4367"},{"taxonomy":"product_tag","embeddable":true,"href":"https:\/\/kaminameister.ee\/en\/wp-json\/wp\/v2\/product_tag?post=4367"}],"curies":[{"name":"wp","href":"https:\/\/api.w.org\/{rel}","templated":true}]}}