{"id":4348,"date":"2024-07-09T16:09:22","date_gmt":"2024-07-09T13:09:22","guid":{"rendered":"http:\/\/kaminameister.ee\/?post_type=product&#038;p=4348"},"modified":"2024-07-09T16:09:22","modified_gmt":"2024-07-09T13:09:22","slug":"termoisolatsiooniplaat-kaltsiumsilikaat-skamotec-225","status":"publish","type":"product","link":"https:\/\/kaminameister.ee\/en\/tooted\/termoisolatsioon\/termoisolatsiooniplaat-kaltsiumsilikaat-skamotec-225\/","title":{"rendered":"Termoisolatsiooniplaat kaltsiumsilikaat SKAMOTEC 225"},"content":{"rendered":"<p><i>CE tuleohutustestid ISO 1182:1190,<br \/>\nNT FIRE 001, DS 1057,1 DiBt Z-43.14-196; DS\/EN ISO 9001\u00a0 \u00a0\u00a0<\/i><b><i>Mittes\u00fcttiv.<\/i><\/b><\/p>\n<p><b><i>SKAMOTEC 225 kaltsiumsilikaat plaadid \u2013 uudne, lihtsalt kasutatav suurep\u00e4raste omadustega termoisolatsioonimaterjal !<\/i><\/b><\/p>\n<p><i>SKAMOTEC 225 kaltsiumsilikaat plaate kasutatakse nii kamina isoleerimiseks kui ka kamina ehituseks. Plaadid on mitte tolmavad, j\u00e4igad, siledad ja kergesti paigaldatavad.Toote omadused v\u00f5imaldavad lihtsat paigaldust, kasutades harilikke koduseid t\u00f6\u00f6riistu. Soovitame kasutada SKAMOLEX GLUE\u00b4d ja kruvisid plaatide paigaldamiseks.<\/i><\/p>\n<p><i>On l\u00f5igatav puidusaega, paigaldamine ilma karkassita kruvide ja liimiga, viimistlemine krohviga, pahtliga v\u00f5i v\u00e4rviga, sobib ka plaatimiseks.Lihtne kasutada,s\u00e4\u00e4stab aega.<\/i><\/p>\n<p><b><i>A1 klassi tulekindlus,temperatuur kuni 1000\u00b0 C<\/i><\/b><\/p>\n<p><b><i>\u00dclikerge,kuivtihedus 225 kg\/m\u00b3<\/i><\/b><\/p>\n<p><b><i>J\u00e4ik ja vastupidav,\u00a0<\/i><i>talub mehaanilist survet kuni 2,6 N\/mm\u00b2<\/i><\/b><\/p>\n<p><b><i>Tervise-ja keskonnas\u00f5bralik,ei eralda tolmu ega l\u00f5hna erinevalt isolatsioonivilladest, hallituskindel, allergiavaba<\/i><\/b><\/p>\n<p><b><i>Kasutuskohad :<\/i><\/b><\/p>\n<p><i>Kaminakorpuste ehitus<br \/>\nKaminate ja ahjude isoleerimine konstruktsioonidest<br \/>\nKorstnate isoleerimine<br \/>\nTulekindlate vaheseinte ehitus<br \/>\n<\/i><\/p>\n<p><b><i>M\u00f5\u00f5dud<br \/>\nKood Nimetus<\/i><\/b><i><br \/>\nS-ISOL 1000X610X50 Kaltsiumsilikaat plaat SKAMOTEC 225 1000x610x50mm, 1 alusel 120 tk<br \/>\nS-ISOL 1220X1000X50 Kaltsiumsilikaat plaat SKAMOTEC 225 1220x1000x50mm, 1 alusel 72 tk<\/i><\/p>\n<p><i>S-ISOL 1000X610X30 Kaltsiumsilikaat plaat SKAMOTEC 225 1000x610x30mm, 1 alusel 60 tk<br \/>\nS-ISOL 1220X1000X30 Kaltsiumsilikaat plaat SKAMOTEC 225 1220x1000x30mm, 1 alusel 36 tk<\/i><\/p>\n<p><i>1 aluse m\u00f5\u00f5dud on 1250 x 1040 mm, netokaal 494,10 kg, brutokaal 519,10 kg<\/i><\/p>\n","protected":false},"excerpt":{"rendered":"<p>CE tuleohutustestid ISO 1182:1190, NT FIRE 001, DS 1057,1 DiBt Z-43.14-196; DS\/EN ISO 9001\u00a0 \u00a0\u00a0Mittes\u00fcttiv. SKAMOTEC 225 kaltsiumsilikaat plaadid \u2013 uudne, lihtsalt kasutatav suurep\u00e4raste omadustega termoisolatsioonimaterjal ! SKAMOTEC 225 kaltsiumsilikaat plaate kasutatakse nii kamina isoleerimiseks kui ka kamina ehituseks. Plaadid on mitte tolmavad, j\u00e4igad, siledad ja kergesti paigaldatavad.Toote omadused v\u00f5imaldavad lihtsat paigaldust, kasutades harilikke koduseid [&hellip;]<\/p>\n","protected":false},"featured_media":4349,"comment_status":"open","ping_status":"closed","template":"","meta":{"_et_pb_use_builder":"","_et_pb_old_content":"","_et_gb_content_width":""},"product_brand":[],"product_cat":[37],"product_tag":[],"class_list":{"0":"post-4348","1":"product","2":"type-product","3":"status-publish","4":"has-post-thumbnail","6":"product_cat-termoisolatsioon","8":"first","9":"instock","10":"shipping-taxable","11":"product-type-simple"},"_links":{"self":[{"href":"https:\/\/kaminameister.ee\/en\/wp-json\/wp\/v2\/product\/4348","targetHints":{"allow":["GET"]}}],"collection":[{"href":"https:\/\/kaminameister.ee\/en\/wp-json\/wp\/v2\/product"}],"about":[{"href":"https:\/\/kaminameister.ee\/en\/wp-json\/wp\/v2\/types\/product"}],"replies":[{"embeddable":true,"href":"https:\/\/kaminameister.ee\/en\/wp-json\/wp\/v2\/comments?post=4348"}],"wp:featuredmedia":[{"embeddable":true,"href":"https:\/\/kaminameister.ee\/en\/wp-json\/wp\/v2\/media\/4349"}],"wp:attachment":[{"href":"https:\/\/kaminameister.ee\/en\/wp-json\/wp\/v2\/media?parent=4348"}],"wp:term":[{"taxonomy":"product_brand","embeddable":true,"href":"https:\/\/kaminameister.ee\/en\/wp-json\/wp\/v2\/product_brand?post=4348"},{"taxonomy":"product_cat","embeddable":true,"href":"https:\/\/kaminameister.ee\/en\/wp-json\/wp\/v2\/product_cat?post=4348"},{"taxonomy":"product_tag","embeddable":true,"href":"https:\/\/kaminameister.ee\/en\/wp-json\/wp\/v2\/product_tag?post=4348"}],"curies":[{"name":"wp","href":"https:\/\/api.w.org\/{rel}","templated":true}]}}