{"id":4337,"date":"2024-07-09T16:00:10","date_gmt":"2024-07-09T13:00:10","guid":{"rendered":"http:\/\/kaminameister.ee\/?post_type=product&#038;p=4337"},"modified":"2025-05-21T16:20:10","modified_gmt":"2025-05-21T13:20:10","slug":"sisetoru-prima-plus-schiedel","status":"publish","type":"product","link":"https:\/\/kaminameister.ee\/en\/tooted\/suitsutorud\/prima-plus-sisetoru\/sisetoru-prima-plus-schiedel\/","title":{"rendered":"sisetoru PRIMA PLUS (Schiedel)"},"content":{"rendered":"","protected":false},"excerpt":{"rendered":"<p><em>Prima Plus on k\u00f5rgekvaliteedilisest 316L roostevabast terasest valmistatud \u00fcheseinaline korstnas\u00fcsteem seinapaksusega 0,6 mm. See on m\u00f5eldud kasutamiseks telliskorstna suitsul\u00f5\u00f5ri sisetoruna renoveerimisel, et muuta see vastupidavaks m\u00e4rjale suitsukeskkonnale, mis tekib kaasaegsetest k\u00fctteseadmetest eralduvast happelisest kondensveest. Prima Plusi saab kasutada ka slepena ehk k\u00fctteseadme \u00fchendamiseks olemasoleva korstnaga.<\/em><br \/>\n<em>Prima Plus sobib k\u00f5ikidele standardsetele \u00f5li- ja gaasi keskk\u00fcttekateldele m\u00e4rgade t\u00f6\u00f6tingimuste re\u017eiimis nii \u00fcle- kui ka alar\u00f5huga juhul, kui k\u00fctteseadme suitsugaaside v\u00e4ljundtemperatuur on kuni 600 \u00b0C.<\/em><\/p>\n<p><a href=\"http:\/\/kaminameister.ee\/wp-content\/uploads\/2024\/07\/ppl-suitsuloori-uhendustoru.pdf\">PPL , suitsul\u00f5\u00f5ri \u00fchendustoru<\/a>\u00a0 <a href=\"http:\/\/kaminameister.ee\/wp-content\/uploads\/2024\/07\/ppl-jaik-torusurve-all-toru.pdf\">PPL j\u00e4ik toru,surve all toru<\/a><\/p>\n","protected":false},"featured_media":4338,"comment_status":"open","ping_status":"closed","template":"","meta":{"_et_pb_use_builder":"","_et_pb_old_content":"","_et_gb_content_width":""},"product_brand":[151],"product_cat":[74,34],"product_tag":[],"class_list":{"0":"post-4337","1":"product","2":"type-product","3":"status-publish","4":"has-post-thumbnail","6":"product_brand-schiedel","7":"product_cat-prima-plus-sisetoru","8":"product_cat-suitsutorud","9":"pa_brand-schiedel","11":"first","12":"instock","13":"shipping-taxable","14":"product-type-simple"},"_links":{"self":[{"href":"https:\/\/kaminameister.ee\/en\/wp-json\/wp\/v2\/product\/4337","targetHints":{"allow":["GET"]}}],"collection":[{"href":"https:\/\/kaminameister.ee\/en\/wp-json\/wp\/v2\/product"}],"about":[{"href":"https:\/\/kaminameister.ee\/en\/wp-json\/wp\/v2\/types\/product"}],"replies":[{"embeddable":true,"href":"https:\/\/kaminameister.ee\/en\/wp-json\/wp\/v2\/comments?post=4337"}],"wp:featuredmedia":[{"embeddable":true,"href":"https:\/\/kaminameister.ee\/en\/wp-json\/wp\/v2\/media\/4338"}],"wp:attachment":[{"href":"https:\/\/kaminameister.ee\/en\/wp-json\/wp\/v2\/media?parent=4337"}],"wp:term":[{"taxonomy":"product_brand","embeddable":true,"href":"https:\/\/kaminameister.ee\/en\/wp-json\/wp\/v2\/product_brand?post=4337"},{"taxonomy":"product_cat","embeddable":true,"href":"https:\/\/kaminameister.ee\/en\/wp-json\/wp\/v2\/product_cat?post=4337"},{"taxonomy":"product_tag","embeddable":true,"href":"https:\/\/kaminameister.ee\/en\/wp-json\/wp\/v2\/product_tag?post=4337"}],"curies":[{"name":"wp","href":"https:\/\/api.w.org\/{rel}","templated":true}]}}