{"id":4330,"date":"2024-07-09T14:31:52","date_gmt":"2024-07-09T11:31:52","guid":{"rendered":"http:\/\/kaminameister.ee\/?post_type=product&#038;p=4330"},"modified":"2024-07-09T14:31:52","modified_gmt":"2024-07-09T11:31:52","slug":"lahtise-kamina-suuaugu-suuruse-arvutamine","status":"publish","type":"product","link":"https:\/\/kaminameister.ee\/en\/tooted\/kaminad\/avatud-koledega-kaminad\/lahtise-kamina-suuaugu-suuruse-arvutamine\/","title":{"rendered":"Lahtise kamina suuaugu suuruse arvutamine"},"content":{"rendered":"","protected":false},"excerpt":{"rendered":"<p><em>Lahtise kamina suuaugu suurust arvestatakse vastalt korstnal\u00f5\u00f5ri ristl\u00f5ikele.<\/em><\/p>\n<p><i>L + L1 = Lt (kokku laius)<br \/>\nLt x H = S (pindala kokku), m\u00b2<\/i><\/p>\n<p><i>Kortnal\u00f5\u00f5ri l\u00e4bim\u00f5\u00f5du m\u00e4\u00e4ramine (firma Poujoulat S.A andmetel)<\/i><\/p>\n","protected":false},"featured_media":4331,"comment_status":"open","ping_status":"closed","template":"","meta":{"_et_pb_use_builder":"","_et_pb_old_content":"","_et_gb_content_width":""},"product_brand":[],"product_cat":[50,24],"product_tag":[],"class_list":{"0":"post-4330","1":"product","2":"type-product","3":"status-publish","4":"has-post-thumbnail","6":"product_cat-avatud-koledega-kaminad","7":"product_cat-kaminad","9":"first","10":"instock","11":"shipping-taxable","12":"product-type-simple"},"_links":{"self":[{"href":"https:\/\/kaminameister.ee\/en\/wp-json\/wp\/v2\/product\/4330","targetHints":{"allow":["GET"]}}],"collection":[{"href":"https:\/\/kaminameister.ee\/en\/wp-json\/wp\/v2\/product"}],"about":[{"href":"https:\/\/kaminameister.ee\/en\/wp-json\/wp\/v2\/types\/product"}],"replies":[{"embeddable":true,"href":"https:\/\/kaminameister.ee\/en\/wp-json\/wp\/v2\/comments?post=4330"}],"wp:featuredmedia":[{"embeddable":true,"href":"https:\/\/kaminameister.ee\/en\/wp-json\/wp\/v2\/media\/4331"}],"wp:attachment":[{"href":"https:\/\/kaminameister.ee\/en\/wp-json\/wp\/v2\/media?parent=4330"}],"wp:term":[{"taxonomy":"product_brand","embeddable":true,"href":"https:\/\/kaminameister.ee\/en\/wp-json\/wp\/v2\/product_brand?post=4330"},{"taxonomy":"product_cat","embeddable":true,"href":"https:\/\/kaminameister.ee\/en\/wp-json\/wp\/v2\/product_cat?post=4330"},{"taxonomy":"product_tag","embeddable":true,"href":"https:\/\/kaminameister.ee\/en\/wp-json\/wp\/v2\/product_tag?post=4330"}],"curies":[{"name":"wp","href":"https:\/\/api.w.org\/{rel}","templated":true}]}}