{"id":4299,"date":"2024-07-09T12:39:21","date_gmt":"2024-07-09T09:39:21","guid":{"rendered":"http:\/\/kaminameister.ee\/?post_type=product&#038;p=4299"},"modified":"2025-05-21T16:20:10","modified_gmt":"2025-05-21T13:20:10","slug":"moodulkorsten-rondo-plusschiedel","status":"publish","type":"product","link":"https:\/\/kaminameister.ee\/en\/tooted\/korstnad\/kivist-moodulkorstnad\/moodulkorsten-rondo-plusschiedel\/","title":{"rendered":"moodulkorsten RONDO PLUS(Schiedel)"},"content":{"rendered":"<p>&nbsp;<\/p>\n<p>&nbsp;<\/p>\n","protected":false},"excerpt":{"rendered":"<p><em>Rondo Plus on turvaline ja vastupidav korstnas\u00fcsteem. Elementplokke saab h\u00f5lpsalt t\u00f6\u00f6delda ja paigaldus on lihtne. Selgete paigaldusjuhiste abil on korstna ladumine j\u00f5ukohane k\u00f5igile. Schiedel moodulkorstnate sarja on heaks kiitnud nii ehitusmeistrid kui ka tavatarbijad. \u00d5igesti laotud ja kvaliteetne korsten tagab efektiivse p\u00f5lemise k\u00fcttekoldes ja on keskkonnas\u00f5bralik. \u00d5ieti toimides tuleb alati korsten laduda vastavalt k\u00fcttekolde t\u00fc\u00fcbile.<\/em><\/p>\n<p><em>Rondo Plus sobib eramajade, paarismajade, rivimajade, saunade ja suvilate ahjudele, kaminatele, keristele, k\u00fcttekateldele jne.<\/em><\/p>\n<p><a href=\"http:\/\/kaminameister.ee\/wp-content\/uploads\/2024\/07\/schiedel_rondo_plus_paigaldusjuhend.pdf\">Schiedel_Rondo_Plus_paigaldusjuhend<\/a>\u00a0 <a href=\"http:\/\/kaminameister.ee\/wp-content\/uploads\/2024\/07\/rondo-plus.pdf\">Rondo Plus<\/a> <a href=\"http:\/\/kaminameister.ee\/wp-content\/uploads\/2024\/07\/rondoplus-t200.pdf\">RondoPlus T200<\/a><a href=\"http:\/\/kaminameister.ee\/wp-content\/uploads\/2024\/07\/rondoplus-t400t600.pdf\">RondoPlus T400,T600<\/a> <a href=\"http:\/\/kaminameister.ee\/wp-content\/uploads\/2024\/07\/rondo-plus-labiviik-vahelagedest.pdf\">Rondo Plus l\u00e4biviik vahelagedest<\/a><\/p>\n","protected":false},"featured_media":4300,"comment_status":"open","ping_status":"closed","template":"","meta":{"_et_pb_use_builder":"","_et_pb_old_content":"","_et_gb_content_width":""},"product_brand":[151],"product_cat":[60,30],"product_tag":[],"class_list":{"0":"post-4299","1":"product","2":"type-product","3":"status-publish","4":"has-post-thumbnail","6":"product_brand-schiedel","7":"product_cat-kivist-moodulkorstnad","8":"product_cat-korstnad","9":"pa_brand-schiedel","11":"first","12":"instock","13":"shipping-taxable","14":"product-type-simple"},"_links":{"self":[{"href":"https:\/\/kaminameister.ee\/en\/wp-json\/wp\/v2\/product\/4299","targetHints":{"allow":["GET"]}}],"collection":[{"href":"https:\/\/kaminameister.ee\/en\/wp-json\/wp\/v2\/product"}],"about":[{"href":"https:\/\/kaminameister.ee\/en\/wp-json\/wp\/v2\/types\/product"}],"replies":[{"embeddable":true,"href":"https:\/\/kaminameister.ee\/en\/wp-json\/wp\/v2\/comments?post=4299"}],"wp:featuredmedia":[{"embeddable":true,"href":"https:\/\/kaminameister.ee\/en\/wp-json\/wp\/v2\/media\/4300"}],"wp:attachment":[{"href":"https:\/\/kaminameister.ee\/en\/wp-json\/wp\/v2\/media?parent=4299"}],"wp:term":[{"taxonomy":"product_brand","embeddable":true,"href":"https:\/\/kaminameister.ee\/en\/wp-json\/wp\/v2\/product_brand?post=4299"},{"taxonomy":"product_cat","embeddable":true,"href":"https:\/\/kaminameister.ee\/en\/wp-json\/wp\/v2\/product_cat?post=4299"},{"taxonomy":"product_tag","embeddable":true,"href":"https:\/\/kaminameister.ee\/en\/wp-json\/wp\/v2\/product_tag?post=4299"}],"curies":[{"name":"wp","href":"https:\/\/api.w.org\/{rel}","templated":true}]}}