{"id":4286,"date":"2024-07-09T12:32:48","date_gmt":"2024-07-09T09:32:48","guid":{"rendered":"http:\/\/kaminameister.ee\/?post_type=product&#038;p=4286"},"modified":"2025-05-21T16:20:10","modified_gmt":"2025-05-21T13:20:10","slug":"laavakivist-moodulkorsten-isokernschiedel","status":"publish","type":"product","link":"https:\/\/kaminameister.ee\/en\/tooted\/korstnad\/kivist-moodulkorstnad\/laavakivist-moodulkorsten-isokernschiedel\/","title":{"rendered":"laavakivist moodulkorsten ISOKERN(Schiedel)"},"content":{"rendered":"<p><em>\u00a0<\/em><\/p>\n<p>&nbsp;<\/p>\n","protected":false},"excerpt":{"rendered":"<p><em>\u00a0Isokern moodulkorstna elementplokk on kerge ja lihtsalt paigaldatav. Korstnaladumine on olnud siiani ainult oskust\u00f6\u00f6liste k\u00e4tt n\u00f5udev t\u00f6\u00f6, n\u00fc\u00fcdsest saab aga iga\u00fcks ise kiiresti ja kerge vaevaga korstna paigaldada. Isokern moodulkorsten on terviklahendus, sisaldades k\u00f5iki elemente, mis on vajalikud kvaliteetse korstna ehitamiseks. Korsten sobib igasuguse k\u00fcttekoldega, kui k\u00fcttematerjaliks on puu. Saadaval l\u00e4bim\u00f5\u00f5dud 160 ja 200.<\/em><\/p>\n<p><a href=\"http:\/\/kaminameister.ee\/wp-content\/uploads\/2024\/07\/isokern.pdf\">Isokern<\/a>\u00a0 <a href=\"http:\/\/kaminameister.ee\/wp-content\/uploads\/2024\/07\/isokern_paigaldus_2010.pdf\">ISOKERN_paigaldus_2010<\/a> <a href=\"http:\/\/kaminameister.ee\/wp-content\/uploads\/2024\/07\/korstna-kinnitusjuhend-isokern-ja-rp.pdf\">Korstna kinnitusjuhend Isokern ja RP<\/a><\/p>\n","protected":false},"featured_media":4287,"comment_status":"open","ping_status":"closed","template":"","meta":{"_et_pb_use_builder":"","_et_pb_old_content":"","_et_gb_content_width":""},"product_brand":[151],"product_cat":[60,30],"product_tag":[],"class_list":{"0":"post-4286","1":"product","2":"type-product","3":"status-publish","4":"has-post-thumbnail","6":"product_brand-schiedel","7":"product_cat-kivist-moodulkorstnad","8":"product_cat-korstnad","9":"pa_brand-schiedel","11":"first","12":"instock","13":"shipping-taxable","14":"product-type-simple"},"_links":{"self":[{"href":"https:\/\/kaminameister.ee\/en\/wp-json\/wp\/v2\/product\/4286","targetHints":{"allow":["GET"]}}],"collection":[{"href":"https:\/\/kaminameister.ee\/en\/wp-json\/wp\/v2\/product"}],"about":[{"href":"https:\/\/kaminameister.ee\/en\/wp-json\/wp\/v2\/types\/product"}],"replies":[{"embeddable":true,"href":"https:\/\/kaminameister.ee\/en\/wp-json\/wp\/v2\/comments?post=4286"}],"wp:featuredmedia":[{"embeddable":true,"href":"https:\/\/kaminameister.ee\/en\/wp-json\/wp\/v2\/media\/4287"}],"wp:attachment":[{"href":"https:\/\/kaminameister.ee\/en\/wp-json\/wp\/v2\/media?parent=4286"}],"wp:term":[{"taxonomy":"product_brand","embeddable":true,"href":"https:\/\/kaminameister.ee\/en\/wp-json\/wp\/v2\/product_brand?post=4286"},{"taxonomy":"product_cat","embeddable":true,"href":"https:\/\/kaminameister.ee\/en\/wp-json\/wp\/v2\/product_cat?post=4286"},{"taxonomy":"product_tag","embeddable":true,"href":"https:\/\/kaminameister.ee\/en\/wp-json\/wp\/v2\/product_tag?post=4286"}],"curies":[{"name":"wp","href":"https:\/\/api.w.org\/{rel}","templated":true}]}}