{"id":4270,"date":"2024-07-09T12:25:23","date_gmt":"2024-07-09T09:25:23","guid":{"rendered":"http:\/\/kaminameister.ee\/?post_type=product&#038;p=4270"},"modified":"2025-05-21T16:20:10","modified_gmt":"2025-05-21T13:20:10","slug":"uheseinaline-metallkorsten-prima-plusschiedel","status":"publish","type":"product","link":"https:\/\/kaminameister.ee\/en\/tooted\/korstnad\/metallist-moodulkorstnad\/uheseinaline-metallkorsten-prima-plusschiedel\/","title":{"rendered":"\u00fcheseinaline metallkorsten PRIMA PLUS(Schiedel)"},"content":{"rendered":"","protected":false},"excerpt":{"rendered":"<p><em>Prima Plus on k\u00f5rgekvaliteedilisest 316L roostevabast terasest valmistatud \u00fcheseinaline korstnas\u00fcsteem seinapaksusega 0,6 mm. See on m\u00f5eldud kasutamiseks telliskorstna suitsul\u00f5\u00f5ri sisetoruna nii renoveerimisel kui ka juhul, kui k\u00fctteseadmest v\u00f5i muudest asjaoludest tulenevalt on korsten ette n\u00e4htud t\u00f6\u00f6tama m\u00e4rjas t\u00f6\u00f6keskkonnas. Vajadusel saame torude \u00fchendusele elastse tihendi lisamisel alar\u00f5hul t\u00f6\u00f6tavast korstnas\u00fcsteemist r\u00f5hulkassi P1 s\u00fcsteemi korstna.\u00a0Prima Plus sobib k\u00f5ikidele standardsetele \u00f5li- ja gaasi keskk\u00fcttekateldele m\u00e4rgade t\u00f6\u00f6tingimuste reshiimis, juhul kui k\u00fctteseadme suitsugaaside v\u00e4ljundtemperatuur on kuni 450 8C v\u00f5i l\u00fchiajaliselt kuni 600 8C. Prima Plusi sisetoru liitevaltsile elastse tihendi lisamisel saame alar\u00f5hul t\u00f6\u00f6tavast korstnas\u00fcsteemist r\u00f5hulkassi P1 s\u00fcsteemi korstna, mille lubatud t\u00f6\u00f6temperatuur on max 200\u00ba C<\/em> .<\/p>\n<p><a href=\"http:\/\/kaminameister.ee\/wp-content\/uploads\/2024\/07\/tooteinfo-primaplus.pdf\">Tooteinfo PrimaPlus<\/a>\u00a0 \u00a0 \u00a0 <a href=\"http:\/\/kaminameister.ee\/wp-content\/uploads\/2024\/07\/ppl-korstnasusteem-06-mm.pdf\">PPL korstnas\u00fcsteem 0,6 mm\u00a0\u00a0\u00a0 <\/a><a href=\"http:\/\/kaminameister.ee\/wp-content\/uploads\/2024\/07\/ppl-jaik-torusurve-all-toru.pdf\">PPL j\u00e4ik toru,surve all toru<\/a><a href=\"http:\/\/kaminameister.ee\/wp-content\/uploads\/2024\/07\/ppl-suitsuloori-uhendustoru.pdf\">PPL , suitsul\u00f5\u00f5ri \u00fchendustoru<\/a><\/p>\n","protected":false},"featured_media":4274,"comment_status":"open","ping_status":"closed","template":"","meta":{"_et_pb_use_builder":"","_et_pb_old_content":"","_et_gb_content_width":""},"product_brand":[151],"product_cat":[30,59],"product_tag":[],"class_list":{"0":"post-4270","1":"product","2":"type-product","3":"status-publish","4":"has-post-thumbnail","6":"product_brand-schiedel","7":"product_cat-korstnad","8":"product_cat-metallist-moodulkorstnad","9":"pa_brand-schiedel","11":"first","12":"instock","13":"shipping-taxable","14":"product-type-simple"},"_links":{"self":[{"href":"https:\/\/kaminameister.ee\/en\/wp-json\/wp\/v2\/product\/4270","targetHints":{"allow":["GET"]}}],"collection":[{"href":"https:\/\/kaminameister.ee\/en\/wp-json\/wp\/v2\/product"}],"about":[{"href":"https:\/\/kaminameister.ee\/en\/wp-json\/wp\/v2\/types\/product"}],"replies":[{"embeddable":true,"href":"https:\/\/kaminameister.ee\/en\/wp-json\/wp\/v2\/comments?post=4270"}],"wp:featuredmedia":[{"embeddable":true,"href":"https:\/\/kaminameister.ee\/en\/wp-json\/wp\/v2\/media\/4274"}],"wp:attachment":[{"href":"https:\/\/kaminameister.ee\/en\/wp-json\/wp\/v2\/media?parent=4270"}],"wp:term":[{"taxonomy":"product_brand","embeddable":true,"href":"https:\/\/kaminameister.ee\/en\/wp-json\/wp\/v2\/product_brand?post=4270"},{"taxonomy":"product_cat","embeddable":true,"href":"https:\/\/kaminameister.ee\/en\/wp-json\/wp\/v2\/product_cat?post=4270"},{"taxonomy":"product_tag","embeddable":true,"href":"https:\/\/kaminameister.ee\/en\/wp-json\/wp\/v2\/product_tag?post=4270"}],"curies":[{"name":"wp","href":"https:\/\/api.w.org\/{rel}","templated":true}]}}