{"id":4260,"date":"2024-07-09T11:45:08","date_gmt":"2024-07-09T08:45:08","guid":{"rendered":"http:\/\/kaminameister.ee\/?post_type=product&#038;p=4260"},"modified":"2025-05-21T16:20:10","modified_gmt":"2025-05-21T13:20:10","slug":"topeltseinaga-metallkorsten-permeeterschiedel","status":"publish","type":"product","link":"https:\/\/kaminameister.ee\/en\/tooted\/korstnad\/metallist-moodulkorstnad\/topeltseinaga-metallkorsten-permeeterschiedel\/","title":{"rendered":"topeltseinaga metallkorsten PERMEETER(Schiedel)"},"content":{"rendered":"","protected":false},"excerpt":{"rendered":"<p><em>Permeetri v\u00e4liskest on tsinkkattega terasplekist, mis on v\u00e4rvitud mustaks. Saadaval 130 ja 150 mm sisel\u00e4bim\u00f5\u00f5duga. Sobib k\u00f5ikidele tahkel k\u00fctusel t\u00f6\u00f6tavatele k\u00fctteseadmetele (ahjud, kaminad, pliidid ja saunakerised) kuivade t\u00f6\u00f6tingimuste re\u017eiimis, juhul kui k\u00fctteseadme suitsugaaside v\u00e4ljundtemperatuur on kuni max 600\u00baC.\u00a0Schiedel Permeeter korsten sobib eelk\u00f5ige v\u00e4iksematele kaminatele ja ahjudele (\u00d8 150 mm) ning saunakeristele (\u00d8 130 mm).<\/em><br \/>\n<em>Permeeter on lihtsasti paigaldatav metallkorsten, mida on testitud s\u00fcsteemina ning mis omab kehtivatele euronormidele vastavat Ce-m\u00e4rgistust.<\/em><\/p>\n<p><a href=\"http:\/\/kaminameister.ee\/wp-content\/uploads\/2024\/07\/ics-50-ja-varvitud.pdf\">ICS 50 ja v\u00e4rvitud\u00a0\u00a0\u00a0\u00a0 <\/a><a href=\"http:\/\/kaminameister.ee\/wp-content\/uploads\/2024\/07\/permeeter-paigaldus.pdf\">Permeeter paigaldus\u00a0\u00a0\u00a0\u00a0\u00a0 <\/a><a href=\"http:\/\/kaminameister.ee\/wp-content\/uploads\/2024\/07\/metallkorstna-kaldkatuse-labiviik.pdf\">Metallkorstna kaldkatuse l\u00e4biviik<\/a><\/p>\n","protected":false},"featured_media":4267,"comment_status":"open","ping_status":"closed","template":"","meta":{"_et_pb_use_builder":"","_et_pb_old_content":"","_et_gb_content_width":""},"product_brand":[151],"product_cat":[30,59],"product_tag":[],"class_list":{"0":"post-4260","1":"product","2":"type-product","3":"status-publish","4":"has-post-thumbnail","6":"product_brand-schiedel","7":"product_cat-korstnad","8":"product_cat-metallist-moodulkorstnad","9":"pa_brand-schiedel","11":"first","12":"instock","13":"shipping-taxable","14":"product-type-simple"},"_links":{"self":[{"href":"https:\/\/kaminameister.ee\/en\/wp-json\/wp\/v2\/product\/4260","targetHints":{"allow":["GET"]}}],"collection":[{"href":"https:\/\/kaminameister.ee\/en\/wp-json\/wp\/v2\/product"}],"about":[{"href":"https:\/\/kaminameister.ee\/en\/wp-json\/wp\/v2\/types\/product"}],"replies":[{"embeddable":true,"href":"https:\/\/kaminameister.ee\/en\/wp-json\/wp\/v2\/comments?post=4260"}],"wp:featuredmedia":[{"embeddable":true,"href":"https:\/\/kaminameister.ee\/en\/wp-json\/wp\/v2\/media\/4267"}],"wp:attachment":[{"href":"https:\/\/kaminameister.ee\/en\/wp-json\/wp\/v2\/media?parent=4260"}],"wp:term":[{"taxonomy":"product_brand","embeddable":true,"href":"https:\/\/kaminameister.ee\/en\/wp-json\/wp\/v2\/product_brand?post=4260"},{"taxonomy":"product_cat","embeddable":true,"href":"https:\/\/kaminameister.ee\/en\/wp-json\/wp\/v2\/product_cat?post=4260"},{"taxonomy":"product_tag","embeddable":true,"href":"https:\/\/kaminameister.ee\/en\/wp-json\/wp\/v2\/product_tag?post=4260"}],"curies":[{"name":"wp","href":"https:\/\/api.w.org\/{rel}","templated":true}]}}