{"id":4247,"date":"2024-07-08T16:33:20","date_gmt":"2024-07-08T13:33:20","guid":{"rendered":"http:\/\/kaminameister.ee\/?post_type=product&#038;p=4247"},"modified":"2025-05-21T16:20:10","modified_gmt":"2025-05-21T13:20:10","slug":"topeltseinaga-metallkorsten-icsschiedel","status":"publish","type":"product","link":"https:\/\/kaminameister.ee\/en\/tooted\/korstnad\/metallist-moodulkorstnad\/topeltseinaga-metallkorsten-icsschiedel\/","title":{"rendered":"topeltseinaga metallkorsten  ICS(Schiedel)"},"content":{"rendered":"","protected":false},"excerpt":{"rendered":"<p>I<em>CS on 3-kihiline topeltseinaga metallist moodulkorstnas\u00fcsteem, mis koosneb sisemisest k\u00f5rgekvaliteedilisest roostevabast suitsutorust, tulekindlast Superwool-villast isolatsioonikihist (25 v\u00f5i 50 mm) ning v\u00e4lisest roostevabast terasest kestast. Sisemise suitsutoru valmistamisel on kasutatud 0,6 mm paksust roostevabast terasest markeeringuga 316L\/1.4404, v\u00e4liskest on tehtud roostevabas terasest 304\/1.4301 ning sise- ja v\u00e4liskest on omavahel isoleeritud k\u00f5rgekvaliteedilise Superwool-isolatsioonivillaga.\u00a0 ICS 25 (Isolatsioonikiht 25mm)<\/em><br \/>\n<em>Sobib k\u00f5ikidele standardsetele \u00f5li- ja gaasi keskk\u00fcttekateldele m\u00e4rgade t\u00f6\u00f6tingimuste re\u017eiimis, juhul kui k\u00fctteseadme suitsugaaside v\u00e4ljundtemperatuur on kuni max 200\u00ba C. ICS25 sisetoru liitevaltsile elastse tihendi lisamisel saame alar\u00f5hul t\u00f6\u00f6tavast korstnas\u00fcsteemist r\u00f5hulkassi P1 s\u00fcsteemi ICSPlus korstna.<\/em><br \/>\n<em>ICS 50 (Isolatsioonikiht 50mm)<\/em><br \/>\n<em>Sobib k\u00f5ikidele tahkel k\u00fctusel t\u00f6\u00f6tavatele k\u00fctteseadmetele (ahjud, kaminad, pliidid ja saunakerised) kuivade t\u00f6\u00f6tingimuste re\u017eiimis, juhul kui k\u00fctteseadme suitsugaaside v\u00e4ljundtemperatuur on kuni max 600\u00baC.<\/em><\/p>\n<p><a href=\"http:\/\/kaminameister.ee\/wp-content\/uploads\/2024\/07\/ics_paigaldusjuhend_2008.pdf\">ICS_paigaldusjuhend_2008<\/a> <a href=\"http:\/\/kaminameister.ee\/wp-content\/uploads\/2024\/07\/ics-50-ja-varvitud.pdf\">ICS 50 ja v\u00e4rvitud<\/a>\u00a0 \u00a0 <a href=\"http:\/\/kaminameister.ee\/wp-content\/uploads\/2024\/07\/ics-tutvustus.pdf\">ICS tutvustus<\/a><\/p>\n","protected":false},"featured_media":4318,"comment_status":"open","ping_status":"closed","template":"","meta":{"_et_pb_use_builder":"","_et_pb_old_content":"","_et_gb_content_width":""},"product_brand":[151],"product_cat":[30,59],"product_tag":[],"class_list":{"0":"post-4247","1":"product","2":"type-product","3":"status-publish","4":"has-post-thumbnail","6":"product_brand-schiedel","7":"product_cat-korstnad","8":"product_cat-metallist-moodulkorstnad","9":"pa_brand-schiedel","11":"first","12":"instock","13":"shipping-taxable","14":"product-type-simple"},"_links":{"self":[{"href":"https:\/\/kaminameister.ee\/en\/wp-json\/wp\/v2\/product\/4247","targetHints":{"allow":["GET"]}}],"collection":[{"href":"https:\/\/kaminameister.ee\/en\/wp-json\/wp\/v2\/product"}],"about":[{"href":"https:\/\/kaminameister.ee\/en\/wp-json\/wp\/v2\/types\/product"}],"replies":[{"embeddable":true,"href":"https:\/\/kaminameister.ee\/en\/wp-json\/wp\/v2\/comments?post=4247"}],"wp:featuredmedia":[{"embeddable":true,"href":"https:\/\/kaminameister.ee\/en\/wp-json\/wp\/v2\/media\/4318"}],"wp:attachment":[{"href":"https:\/\/kaminameister.ee\/en\/wp-json\/wp\/v2\/media?parent=4247"}],"wp:term":[{"taxonomy":"product_brand","embeddable":true,"href":"https:\/\/kaminameister.ee\/en\/wp-json\/wp\/v2\/product_brand?post=4247"},{"taxonomy":"product_cat","embeddable":true,"href":"https:\/\/kaminameister.ee\/en\/wp-json\/wp\/v2\/product_cat?post=4247"},{"taxonomy":"product_tag","embeddable":true,"href":"https:\/\/kaminameister.ee\/en\/wp-json\/wp\/v2\/product_tag?post=4247"}],"curies":[{"name":"wp","href":"https:\/\/api.w.org\/{rel}","templated":true}]}}