{"id":4205,"date":"2024-07-08T15:37:39","date_gmt":"2024-07-08T12:37:39","guid":{"rendered":"http:\/\/kaminameister.ee\/?post_type=product&#038;p=4205"},"modified":"2025-05-21T16:28:16","modified_gmt":"2025-05-21T13:28:16","slug":"gaasisudamikud-space-creator-ambifuego","status":"publish","type":"product","link":"https:\/\/kaminameister.ee\/en\/tooted\/kaminasudamikud\/gaasikuttel\/gaasisudamikud-space-creator-ambifuego\/","title":{"rendered":"gaasis\u00fcdamikud Space Creator (Ambifuego)"},"content":{"rendered":"<p><em>Kolmek\u00fclgsed kaminas\u00fcdamikud<\/em><\/p>\n","protected":false},"excerpt":{"rendered":"<p><i>Space Creator 700 AM \u00f8130\/200, propaan ja naturaalne gaas,\u00a0<\/i><b><i>hind 7 455\u20ac<\/i><\/b><\/p>\n<p><i>Space Creator 750 MD \u00f8130\/200 propaan ja naturaalne gaas,\u00a0<\/i><b><i>hind 10 274\u20ac<\/i><\/b><\/p>\n<p><i>Space Creator 1000 ED \u00f8130\/200, propaan ja naturaalne gaas,\u00a0<b>hind 9 464\u20ac<\/b><br \/>\nSpace Creator 1400 AM \u00f8130\/200 propaan ja naturaalne gaas,\u00a0<b>hind 8 233\u20ac<\/b><br \/>\nSpace Creator 2000 AM \u00f8130\/200 propaan ja naturaalne gaas,\u00a0<b>hind 13 255\u20ac<\/b><\/i><\/p>\n","protected":false},"featured_media":4222,"comment_status":"open","ping_status":"closed","template":"","meta":{"_et_pb_use_builder":"","_et_pb_old_content":"","_et_gb_content_width":""},"product_brand":[132],"product_cat":[70,32],"product_tag":[],"class_list":{"0":"post-4205","1":"product","2":"type-product","3":"status-publish","4":"has-post-thumbnail","6":"product_brand-ambifuego","7":"product_cat-gaasikuttel","8":"product_cat-kaminasudamikud","9":"pa_brand-ambifuego","11":"first","12":"instock","13":"shipping-taxable","14":"product-type-simple"},"_links":{"self":[{"href":"https:\/\/kaminameister.ee\/en\/wp-json\/wp\/v2\/product\/4205","targetHints":{"allow":["GET"]}}],"collection":[{"href":"https:\/\/kaminameister.ee\/en\/wp-json\/wp\/v2\/product"}],"about":[{"href":"https:\/\/kaminameister.ee\/en\/wp-json\/wp\/v2\/types\/product"}],"replies":[{"embeddable":true,"href":"https:\/\/kaminameister.ee\/en\/wp-json\/wp\/v2\/comments?post=4205"}],"wp:featuredmedia":[{"embeddable":true,"href":"https:\/\/kaminameister.ee\/en\/wp-json\/wp\/v2\/media\/4222"}],"wp:attachment":[{"href":"https:\/\/kaminameister.ee\/en\/wp-json\/wp\/v2\/media?parent=4205"}],"wp:term":[{"taxonomy":"product_brand","embeddable":true,"href":"https:\/\/kaminameister.ee\/en\/wp-json\/wp\/v2\/product_brand?post=4205"},{"taxonomy":"product_cat","embeddable":true,"href":"https:\/\/kaminameister.ee\/en\/wp-json\/wp\/v2\/product_cat?post=4205"},{"taxonomy":"product_tag","embeddable":true,"href":"https:\/\/kaminameister.ee\/en\/wp-json\/wp\/v2\/product_tag?post=4205"}],"curies":[{"name":"wp","href":"https:\/\/api.w.org\/{rel}","templated":true}]}}