{"id":4181,"date":"2024-07-08T14:14:51","date_gmt":"2024-07-08T11:14:51","guid":{"rendered":"http:\/\/kaminameister.ee\/?post_type=product&#038;p=4181"},"modified":"2025-05-21T16:28:16","modified_gmt":"2025-05-21T13:28:16","slug":"sudamik-panoramico-cataliticoambifuego","status":"publish","type":"product","link":"https:\/\/kaminameister.ee\/en\/tooted\/kaminad\/gaasikaminad\/sudamik-panoramico-cataliticoambifuego\/","title":{"rendered":"gaasis\u00fcdamikud Panoramico Catalitico(Ambifuego)"},"content":{"rendered":"<p><i>Korstna vajaduseta gaasis\u00fcdamikud!<\/i><\/p>\n<p><i>Sirge klaasiga ja 3 k\u00fclgsed kaminas\u00fcdamikud, mis ei vaja korstent, kuid vajavad ventilatsiooni(ruumist v\u00e4listingimustesse).S\u00fcdamik juhtimispuldiga.Propaan ja naturaalne gaas.katal\u00fcsaatoriga.V\u00f5imsus 100%,v\u00f5imsus 4-6 kW.Keraamiliste halgudega.\u00a0<\/i><\/p>\n<p><i>Klaasi m\u00f5\u00f5t\u00a0 H 418 *1100 mm, k\u00fcljeklaas H418*328 mm.<\/i><\/p>\n","protected":false},"excerpt":{"rendered":"<p><em>K\u00f5rgus: 650 mm, laius: 1151 mm, s\u00fcgavus: 328 mm.<\/em><\/p>\n<p><b><i>Panoramico 1100 Frente Catalitico,hind : 7 034\u20ac<br \/>\n<\/i><\/b><\/p>\n<p><b><i>Panoramico 1100 3 klaasi\u00a0 Catalitico,hind: 7 034\u20ac<br \/>\n<\/i><\/b><\/p>\n<p><b><i>Panoramico 1100 Space Creator Catalitco,hind: 7 423\u20ac<\/i><\/b><\/p>\n","protected":false},"featured_media":4182,"comment_status":"open","ping_status":"closed","template":"","meta":{"_et_pb_use_builder":"","_et_pb_old_content":"","_et_gb_content_width":""},"product_brand":[132],"product_cat":[55,24],"product_tag":[],"class_list":{"0":"post-4181","1":"product","2":"type-product","3":"status-publish","4":"has-post-thumbnail","6":"product_brand-ambifuego","7":"product_cat-gaasikaminad","8":"product_cat-kaminad","9":"pa_brand-ambifuego","11":"first","12":"instock","13":"shipping-taxable","14":"purchasable","15":"product-type-simple"},"_links":{"self":[{"href":"https:\/\/kaminameister.ee\/en\/wp-json\/wp\/v2\/product\/4181","targetHints":{"allow":["GET"]}}],"collection":[{"href":"https:\/\/kaminameister.ee\/en\/wp-json\/wp\/v2\/product"}],"about":[{"href":"https:\/\/kaminameister.ee\/en\/wp-json\/wp\/v2\/types\/product"}],"replies":[{"embeddable":true,"href":"https:\/\/kaminameister.ee\/en\/wp-json\/wp\/v2\/comments?post=4181"}],"wp:featuredmedia":[{"embeddable":true,"href":"https:\/\/kaminameister.ee\/en\/wp-json\/wp\/v2\/media\/4182"}],"wp:attachment":[{"href":"https:\/\/kaminameister.ee\/en\/wp-json\/wp\/v2\/media?parent=4181"}],"wp:term":[{"taxonomy":"product_brand","embeddable":true,"href":"https:\/\/kaminameister.ee\/en\/wp-json\/wp\/v2\/product_brand?post=4181"},{"taxonomy":"product_cat","embeddable":true,"href":"https:\/\/kaminameister.ee\/en\/wp-json\/wp\/v2\/product_cat?post=4181"},{"taxonomy":"product_tag","embeddable":true,"href":"https:\/\/kaminameister.ee\/en\/wp-json\/wp\/v2\/product_tag?post=4181"}],"curies":[{"name":"wp","href":"https:\/\/api.w.org\/{rel}","templated":true}]}}