{"id":4173,"date":"2024-07-08T11:54:55","date_gmt":"2024-07-08T08:54:55","guid":{"rendered":"http:\/\/kaminameister.ee\/?post_type=product&#038;p=4173"},"modified":"2025-05-21T16:28:16","modified_gmt":"2025-05-21T13:28:16","slug":"kamin-etoile-ambifuego","status":"publish","type":"product","link":"https:\/\/kaminameister.ee\/en\/tooted\/kaminad\/gaasikaminad\/kamin-etoile-ambifuego\/","title":{"rendered":"kamin ETOILE (Ambifuego)"},"content":{"rendered":"<p><i>\u00a0K\u00fctus: maagaas v\u00f5i propaan.\u00a0<\/i><\/p>\n","protected":false},"excerpt":{"rendered":"<p><em>Kaal: 53 kg, nominaalv\u00f5imsus: 9 kW, k\u00f5rgus: 840 mm, laius: 750 mm, s\u00fcgavus: 372 mm<\/em><\/p>\n<p><strong><em>Hind: 3 778\u20ac<\/em><\/strong><\/p>\n","protected":false},"featured_media":4174,"comment_status":"open","ping_status":"closed","template":"","meta":{"_et_pb_use_builder":"","_et_pb_old_content":"","_et_gb_content_width":""},"product_brand":[132],"product_cat":[55,24],"product_tag":[],"class_list":{"0":"post-4173","1":"product","2":"type-product","3":"status-publish","4":"has-post-thumbnail","6":"product_brand-ambifuego","7":"product_cat-gaasikaminad","8":"product_cat-kaminad","9":"pa_brand-ambifuego","11":"first","12":"instock","13":"shipping-taxable","14":"purchasable","15":"product-type-simple"},"_links":{"self":[{"href":"https:\/\/kaminameister.ee\/en\/wp-json\/wp\/v2\/product\/4173","targetHints":{"allow":["GET"]}}],"collection":[{"href":"https:\/\/kaminameister.ee\/en\/wp-json\/wp\/v2\/product"}],"about":[{"href":"https:\/\/kaminameister.ee\/en\/wp-json\/wp\/v2\/types\/product"}],"replies":[{"embeddable":true,"href":"https:\/\/kaminameister.ee\/en\/wp-json\/wp\/v2\/comments?post=4173"}],"wp:featuredmedia":[{"embeddable":true,"href":"https:\/\/kaminameister.ee\/en\/wp-json\/wp\/v2\/media\/4174"}],"wp:attachment":[{"href":"https:\/\/kaminameister.ee\/en\/wp-json\/wp\/v2\/media?parent=4173"}],"wp:term":[{"taxonomy":"product_brand","embeddable":true,"href":"https:\/\/kaminameister.ee\/en\/wp-json\/wp\/v2\/product_brand?post=4173"},{"taxonomy":"product_cat","embeddable":true,"href":"https:\/\/kaminameister.ee\/en\/wp-json\/wp\/v2\/product_cat?post=4173"},{"taxonomy":"product_tag","embeddable":true,"href":"https:\/\/kaminameister.ee\/en\/wp-json\/wp\/v2\/product_tag?post=4173"}],"curies":[{"name":"wp","href":"https:\/\/api.w.org\/{rel}","templated":true}]}}