{"id":4121,"date":"2024-07-05T12:24:21","date_gmt":"2024-07-05T09:24:21","guid":{"rendered":"http:\/\/kaminameister.ee\/?post_type=product&#038;p=4121"},"modified":"2025-10-09T16:52:32","modified_gmt":"2025-10-09T13:52:32","slug":"pliit-alaskalanordica-extraflame","status":"publish","type":"product","link":"https:\/\/kaminameister.ee\/en\/tooted\/pliidid\/puukuttepliidid\/pliit-alaskalanordica-extraflame\/","title":{"rendered":"pliit ALASKA(LaNordica Extraflame)"},"content":{"rendered":"<p><i>Klaasustega,malmkoldega.K\u00fctus: puu.<\/i><\/p>\n<p><i>K\u00f6etav pind: 344 m3.Suitsutoru ava diameeter: 150 mm .Suitsutoru \u00fchendus: pealt ja tagant.<\/i><\/p>\n<p><i>Kolde ava m\u00f5\u00f5dud: 405\u00d7278 mm,kolde m\u00f5\u00f5dud: 400x340x460 mm,praeahju m\u00f5\u00f5dud: 434 x 418 x 430 mm<\/i><\/p>\n<p><em>Lisana: roostevaba grillrest : 113\u20ac<\/em><\/p>\n<p><em>Tehniline joonis:\u00a0 <a href=\"http:\/\/kaminameister.ee\/wp-content\/uploads\/2024\/07\/alaska.pdf\">Alaska<\/a><\/em><\/p>\n","protected":false},"excerpt":{"rendered":"<p><em>Kaal: 350 kg, nominaalv\u00f5imsus: 12 kW, k\u00f5rgus: 860 mm, laius: 1307 mm, s\u00fcgavus: 705 mm, kasutegur: 88.6, suitsugaasi temperatuur: 214.6\u00b0C, CO: 0.052<\/em><\/p>\n<p><strong><em>Hind: 5 291\u20ac<\/em><\/strong><\/p>\n","protected":false},"featured_media":4125,"comment_status":"open","ping_status":"closed","template":"","meta":{"_et_pb_use_builder":"","_et_pb_old_content":"","_et_gb_content_width":""},"product_brand":[146],"product_cat":[28,56,77],"product_tag":[],"class_list":{"0":"post-4121","1":"product","2":"type-product","3":"status-publish","4":"has-post-thumbnail","6":"product_brand-lanordica-extraflame","7":"product_cat-pliidid","8":"product_cat-puukuttepliidid","9":"product_cat-uudistooted","10":"pa_brand-lanordica-extraflame","12":"first","13":"instock","14":"shipping-taxable","15":"purchasable","16":"product-type-simple"},"_links":{"self":[{"href":"https:\/\/kaminameister.ee\/en\/wp-json\/wp\/v2\/product\/4121","targetHints":{"allow":["GET"]}}],"collection":[{"href":"https:\/\/kaminameister.ee\/en\/wp-json\/wp\/v2\/product"}],"about":[{"href":"https:\/\/kaminameister.ee\/en\/wp-json\/wp\/v2\/types\/product"}],"replies":[{"embeddable":true,"href":"https:\/\/kaminameister.ee\/en\/wp-json\/wp\/v2\/comments?post=4121"}],"wp:featuredmedia":[{"embeddable":true,"href":"https:\/\/kaminameister.ee\/en\/wp-json\/wp\/v2\/media\/4125"}],"wp:attachment":[{"href":"https:\/\/kaminameister.ee\/en\/wp-json\/wp\/v2\/media?parent=4121"}],"wp:term":[{"taxonomy":"product_brand","embeddable":true,"href":"https:\/\/kaminameister.ee\/en\/wp-json\/wp\/v2\/product_brand?post=4121"},{"taxonomy":"product_cat","embeddable":true,"href":"https:\/\/kaminameister.ee\/en\/wp-json\/wp\/v2\/product_cat?post=4121"},{"taxonomy":"product_tag","embeddable":true,"href":"https:\/\/kaminameister.ee\/en\/wp-json\/wp\/v2\/product_tag?post=4121"}],"curies":[{"name":"wp","href":"https:\/\/api.w.org\/{rel}","templated":true}]}}