{"id":4097,"date":"2024-07-05T11:43:34","date_gmt":"2024-07-05T08:43:34","guid":{"rendered":"http:\/\/kaminameister.ee\/?post_type=product&#038;p=4097"},"modified":"2024-07-05T11:48:24","modified_gmt":"2024-07-05T08:48:24","slug":"klaasist-biokamin-2","status":"publish","type":"product","link":"https:\/\/kaminameister.ee\/en\/tooted\/kaminad\/biokaminad\/klaasist-biokamin-2\/","title":{"rendered":"Klaasist biokamin"},"content":{"rendered":"<p><i>Aluse m\u00f5\u00f5t:400*400 mm;d.300 mm.K\u00f5rgus 410 mm.Biok\u00fctuse topsit\u00e4is p\u00f5leb ca tund aega.Leeki saab kustutada metallist kustutajaga. Hind sisaldab klaaskeraamilisi kive, hinnas ei ole biok\u00fctust.<\/i><\/p>\n","protected":false},"excerpt":{"rendered":"<p><strong><em>Tavahind: 390\u20ac<\/em><\/strong><\/p>\n<p><strong><em>Soodushind: 290\u20ac<\/em><\/strong><\/p>\n","protected":false},"featured_media":4098,"comment_status":"open","ping_status":"closed","template":"","meta":{"_et_pb_use_builder":"","_et_pb_old_content":"","_et_gb_content_width":""},"product_brand":[],"product_cat":[54,24],"product_tag":[],"class_list":{"0":"post-4097","1":"product","2":"type-product","3":"status-publish","4":"has-post-thumbnail","6":"product_cat-biokaminad","7":"product_cat-kaminad","9":"first","10":"instock","11":"sale","12":"shipping-taxable","13":"purchasable","14":"product-type-simple"},"_links":{"self":[{"href":"https:\/\/kaminameister.ee\/en\/wp-json\/wp\/v2\/product\/4097","targetHints":{"allow":["GET"]}}],"collection":[{"href":"https:\/\/kaminameister.ee\/en\/wp-json\/wp\/v2\/product"}],"about":[{"href":"https:\/\/kaminameister.ee\/en\/wp-json\/wp\/v2\/types\/product"}],"replies":[{"embeddable":true,"href":"https:\/\/kaminameister.ee\/en\/wp-json\/wp\/v2\/comments?post=4097"}],"wp:featuredmedia":[{"embeddable":true,"href":"https:\/\/kaminameister.ee\/en\/wp-json\/wp\/v2\/media\/4098"}],"wp:attachment":[{"href":"https:\/\/kaminameister.ee\/en\/wp-json\/wp\/v2\/media?parent=4097"}],"wp:term":[{"taxonomy":"product_brand","embeddable":true,"href":"https:\/\/kaminameister.ee\/en\/wp-json\/wp\/v2\/product_brand?post=4097"},{"taxonomy":"product_cat","embeddable":true,"href":"https:\/\/kaminameister.ee\/en\/wp-json\/wp\/v2\/product_cat?post=4097"},{"taxonomy":"product_tag","embeddable":true,"href":"https:\/\/kaminameister.ee\/en\/wp-json\/wp\/v2\/product_tag?post=4097"}],"curies":[{"name":"wp","href":"https:\/\/api.w.org\/{rel}","templated":true}]}}