{"id":4080,"date":"2024-07-04T15:48:55","date_gmt":"2024-07-04T12:48:55","guid":{"rendered":"http:\/\/kaminameister.ee\/?post_type=product&#038;p=4080"},"modified":"2025-06-20T15:38:57","modified_gmt":"2025-06-20T12:38:57","slug":"pliit-millylanordica-extraflame","status":"publish","type":"product","link":"https:\/\/kaminameister.ee\/en\/tooted\/pliidid\/puukuttepliidid\/pliit-millylanordica-extraflame\/","title":{"rendered":"pliit MILLY(LaNordica Extraflame)"},"content":{"rendered":"<p><i>Klaasustega,malmkoldega,mudel jalgadel.v\u00e4rvitoonid: bordoo,liberty pergamena .K\u00fctus: puu.<\/i><\/p>\n<p><i>K\u00f6etav pind: 249 m3.Suitsutoru ava diameeter: 150 mm .Suitsutoru \u00fchendus: pealt ja tagant.<\/i><\/p>\n<p><i>Kolde ava m\u00f5\u00f5dud: 240\u00d7185 mm,kolde m\u00f5\u00f5dud: 270x287x455 mm,praeahju m\u00f5\u00f5dud: 436 x 418 x 430 mm<\/i><\/p>\n<p><em>Tehniline joonis: <a href=\"http:\/\/kaminameister.ee\/wp-content\/uploads\/2024\/07\/milly.pdf\">Milly<\/a><\/em><\/p>\n","protected":false},"excerpt":{"rendered":"<p><em>Kaal: 217 kg, nominaalv\u00f5imsus: 8.7 kW, k\u00f5rgus: 865 mm, laius: 1050 mm, s\u00fcgavus: 670 mm, kasutegur: 89.1, suitsugaasi temperatuur: 180\u00b0C, CO: 0.07<\/em><\/p>\n<p><strong><em>Hind: 3 080\u20ac<\/em><\/strong><\/p>\n<p><i><b>Lisana: \u00fclemine soojakapp, hind 789 \u20ac<\/b><\/i><\/p>\n","protected":false},"featured_media":4084,"comment_status":"open","ping_status":"closed","template":"","meta":{"_et_pb_use_builder":"","_et_pb_old_content":"","_et_gb_content_width":""},"product_brand":[146],"product_cat":[28,56],"product_tag":[],"class_list":{"0":"post-4080","1":"product","2":"type-product","3":"status-publish","4":"has-post-thumbnail","6":"product_brand-lanordica-extraflame","7":"product_cat-pliidid","8":"product_cat-puukuttepliidid","9":"pa_brand-lanordica-extraflame","11":"first","12":"instock","13":"shipping-taxable","14":"purchasable","15":"product-type-simple"},"_links":{"self":[{"href":"https:\/\/kaminameister.ee\/en\/wp-json\/wp\/v2\/product\/4080","targetHints":{"allow":["GET"]}}],"collection":[{"href":"https:\/\/kaminameister.ee\/en\/wp-json\/wp\/v2\/product"}],"about":[{"href":"https:\/\/kaminameister.ee\/en\/wp-json\/wp\/v2\/types\/product"}],"replies":[{"embeddable":true,"href":"https:\/\/kaminameister.ee\/en\/wp-json\/wp\/v2\/comments?post=4080"}],"wp:featuredmedia":[{"embeddable":true,"href":"https:\/\/kaminameister.ee\/en\/wp-json\/wp\/v2\/media\/4084"}],"wp:attachment":[{"href":"https:\/\/kaminameister.ee\/en\/wp-json\/wp\/v2\/media?parent=4080"}],"wp:term":[{"taxonomy":"product_brand","embeddable":true,"href":"https:\/\/kaminameister.ee\/en\/wp-json\/wp\/v2\/product_brand?post=4080"},{"taxonomy":"product_cat","embeddable":true,"href":"https:\/\/kaminameister.ee\/en\/wp-json\/wp\/v2\/product_cat?post=4080"},{"taxonomy":"product_tag","embeddable":true,"href":"https:\/\/kaminameister.ee\/en\/wp-json\/wp\/v2\/product_tag?post=4080"}],"curies":[{"name":"wp","href":"https:\/\/api.w.org\/{rel}","templated":true}]}}