{"id":4059,"date":"2024-07-04T14:47:29","date_gmt":"2024-07-04T11:47:29","guid":{"rendered":"http:\/\/kaminameister.ee\/?post_type=product&#038;p=4059"},"modified":"2025-05-21T16:22:53","modified_gmt":"2025-05-21T13:22:53","slug":"kamin-norma-s-idro-dsa-lanordica-extraflame","status":"publish","type":"product","link":"https:\/\/kaminameister.ee\/en\/tooted\/kaminad\/keskkuttekaminad\/kamin-norma-s-idro-dsa-lanordica-extraflame\/","title":{"rendered":"kamin NORMA S Idro DSA (LaNordica Extraflame)"},"content":{"rendered":"<p><i>k\u00f6etav ruumala: 559m\u00b3, suitsutoru diam.160 mm.,\u00fchendus pealt.Korpuse v\u00e4rvitoon: bordoo,agate grey.<\/i><\/p>\n<p><i>\u00a0kolde ukse m\u00f5\u00f5dud: 424x350mm,kolde m\u00f5\u00f5dud: 424x450x320 mm<\/i><\/p>\n<p><i>\u00a0<\/i><i>nominaalne k\u00fcttev\u00f5imsus: 19,5kW ,<\/i><i>nom. k\u00fcttev\u00f5imsus veele: 14,9kW<\/i><\/p>\n<p><i>\u00a0Tehniline joonis:\u00a0 <a href=\"http:\/\/kaminameister.ee\/wp-content\/uploads\/2024\/07\/norma-s-idro.pdf\">Norma S Idro<\/a><\/i><\/p>\n","protected":false},"excerpt":{"rendered":"<p><em>Kaal: 249 kg, nominaalv\u00f5imsus: 19.5 kW, k\u00f5rgus: 1242 mm, laius: 720 mm, s\u00fcgavus: 575 mm, kasutegur: 78.6%, suitsugaasi temperatuur: 250\u00b0C, CO: 0.09\u00a0 \u00a0<\/em><\/p>\n<p><strong><em>Hind:4 376\u20ac<\/em><\/strong><\/p>\n","protected":false},"featured_media":4063,"comment_status":"open","ping_status":"closed","template":"","meta":{"_et_pb_use_builder":"","_et_pb_old_content":"","_et_gb_content_width":""},"product_brand":[146],"product_cat":[24,53],"product_tag":[],"class_list":{"0":"post-4059","1":"product","2":"type-product","3":"status-publish","4":"has-post-thumbnail","6":"product_brand-lanordica-extraflame","7":"product_cat-kaminad","8":"product_cat-keskkuttekaminad","9":"pa_brand-lanordica-extraflame","11":"first","12":"instock","13":"shipping-taxable","14":"purchasable","15":"product-type-simple"},"_links":{"self":[{"href":"https:\/\/kaminameister.ee\/en\/wp-json\/wp\/v2\/product\/4059","targetHints":{"allow":["GET"]}}],"collection":[{"href":"https:\/\/kaminameister.ee\/en\/wp-json\/wp\/v2\/product"}],"about":[{"href":"https:\/\/kaminameister.ee\/en\/wp-json\/wp\/v2\/types\/product"}],"replies":[{"embeddable":true,"href":"https:\/\/kaminameister.ee\/en\/wp-json\/wp\/v2\/comments?post=4059"}],"wp:featuredmedia":[{"embeddable":true,"href":"https:\/\/kaminameister.ee\/en\/wp-json\/wp\/v2\/media\/4063"}],"wp:attachment":[{"href":"https:\/\/kaminameister.ee\/en\/wp-json\/wp\/v2\/media?parent=4059"}],"wp:term":[{"taxonomy":"product_brand","embeddable":true,"href":"https:\/\/kaminameister.ee\/en\/wp-json\/wp\/v2\/product_brand?post=4059"},{"taxonomy":"product_cat","embeddable":true,"href":"https:\/\/kaminameister.ee\/en\/wp-json\/wp\/v2\/product_cat?post=4059"},{"taxonomy":"product_tag","embeddable":true,"href":"https:\/\/kaminameister.ee\/en\/wp-json\/wp\/v2\/product_tag?post=4059"}],"curies":[{"name":"wp","href":"https:\/\/api.w.org\/{rel}","templated":true}]}}