{"id":4045,"date":"2024-07-04T14:36:25","date_gmt":"2024-07-04T11:36:25","guid":{"rendered":"http:\/\/kaminameister.ee\/?post_type=product&#038;p=4045"},"modified":"2025-05-21T16:22:54","modified_gmt":"2025-05-21T13:22:54","slug":"kamin-termorossella-plus-forno-dsa-4-lanordica-extraflame","status":"publish","type":"product","link":"https:\/\/kaminameister.ee\/en\/tooted\/kaminad\/keskkuttekaminad\/kamin-termorossella-plus-forno-dsa-4-lanordica-extraflame\/","title":{"rendered":"kamin TERMOROSSELLA Plus Forno DSA 4 (LaNordica Extraflame)"},"content":{"rendered":"<p><i>Mudel ahjuga.V\u00e4rvid bordoo,pergamena,voolukivi<\/i><\/p>\n<p><i>k\u00f6etav ruumala: 390m\u00b3,suitsutoru diameeter 130 mm,\u00fchendus pealt.<\/i><\/p>\n<p><i>\u00a0<\/i><i>nominaalne k\u00fcttev\u00f5imsus: 11,1kW\u00a0<\/i><i>k\u00fcttev\u00f5imsus veele: 8 kW<\/i><\/p>\n<p><i>kolde ukse m\u00f5\u00f5dud: 355x220mm,kolde m\u00f5\u00f5dud: 307x347x345 mm ,ahju m\u00f5\u00f5dud: 330x300x370 mm<\/i><\/p>\n<p><em>Tehniline joonis: <a href=\"http:\/\/kaminameister.ee\/wp-content\/uploads\/2024\/07\/termorosellaplusfornotermonicoletta-forno.pdf\">TermorosellaPlusForno,Termonicoletta Forno<\/a><\/em><\/p>\n","protected":false},"excerpt":{"rendered":"<p><em>Kaal: 218-242 kg, nominaalv\u00f5imsus: 11.1 kW, k\u00f5rgus: 1359 mm, laius: 559 mm, s\u00fcgavus: 533 mm, kasutegur: 88%, suitsugaasi temperatuur: 185\u00b0C, CO: 0.07<\/em><\/p>\n<p><strong>Hind: 3 364\u20ac<\/strong><\/p>\n","protected":false},"featured_media":4046,"comment_status":"open","ping_status":"closed","template":"","meta":{"_et_pb_use_builder":"","_et_pb_old_content":"","_et_gb_content_width":""},"product_brand":[146],"product_cat":[24,53],"product_tag":[],"class_list":{"0":"post-4045","1":"product","2":"type-product","3":"status-publish","4":"has-post-thumbnail","6":"product_brand-lanordica-extraflame","7":"product_cat-kaminad","8":"product_cat-keskkuttekaminad","9":"pa_brand-lanordica-extraflame","11":"first","12":"instock","13":"shipping-taxable","14":"purchasable","15":"product-type-simple"},"_links":{"self":[{"href":"https:\/\/kaminameister.ee\/en\/wp-json\/wp\/v2\/product\/4045","targetHints":{"allow":["GET"]}}],"collection":[{"href":"https:\/\/kaminameister.ee\/en\/wp-json\/wp\/v2\/product"}],"about":[{"href":"https:\/\/kaminameister.ee\/en\/wp-json\/wp\/v2\/types\/product"}],"replies":[{"embeddable":true,"href":"https:\/\/kaminameister.ee\/en\/wp-json\/wp\/v2\/comments?post=4045"}],"wp:featuredmedia":[{"embeddable":true,"href":"https:\/\/kaminameister.ee\/en\/wp-json\/wp\/v2\/media\/4046"}],"wp:attachment":[{"href":"https:\/\/kaminameister.ee\/en\/wp-json\/wp\/v2\/media?parent=4045"}],"wp:term":[{"taxonomy":"product_brand","embeddable":true,"href":"https:\/\/kaminameister.ee\/en\/wp-json\/wp\/v2\/product_brand?post=4045"},{"taxonomy":"product_cat","embeddable":true,"href":"https:\/\/kaminameister.ee\/en\/wp-json\/wp\/v2\/product_cat?post=4045"},{"taxonomy":"product_tag","embeddable":true,"href":"https:\/\/kaminameister.ee\/en\/wp-json\/wp\/v2\/product_tag?post=4045"}],"curies":[{"name":"wp","href":"https:\/\/api.w.org\/{rel}","templated":true}]}}