{"id":4038,"date":"2024-07-04T14:31:51","date_gmt":"2024-07-04T11:31:51","guid":{"rendered":"http:\/\/kaminameister.ee\/?post_type=product&#038;p=4038"},"modified":"2025-05-21T16:22:54","modified_gmt":"2025-05-21T13:22:54","slug":"kamin-termorosella-plus-evo-dsa-4-lanordica-extraflame","status":"publish","type":"product","link":"https:\/\/kaminameister.ee\/en\/tooted\/kaminad\/keskkuttekaminad\/kamin-termorosella-plus-evo-dsa-4-lanordica-extraflame\/","title":{"rendered":"kamin TERMOROSSELLA Plus Evo DSA 4 (LaNordica Extraflame)"},"content":{"rendered":"<p>K<i>orpuse v\u00e4rvitoonid:\u00a0 liberty bordoo,pergamena,voolukivi .K<\/i><i>\u00f6etav ruumala: 318m\u00b3 ,suitsutoru diam.130 mm,\u00fchendus pealt.N<\/i><i>nominaalne k\u00fcttev\u00f5imsus: 11,1kW\u00a0<\/i><i>nom. k\u00fcttev\u00f5imsus veele: 8 kW.<\/i><\/p>\n<p><i>kolde ukse m\u00f5\u00f5dud: 355x220mm,kolde m\u00f5\u00f5dud: 307x347x345 mm<\/i><\/p>\n<p><em>Tehniline joonis: <a href=\"http:\/\/kaminameister.ee\/wp-content\/uploads\/2024\/07\/termonicolettatermorosella.pdf\">Termonicoletta,Termorosella<\/a><\/em><\/p>\n","protected":false},"excerpt":{"rendered":"<p><em>Kaal: 162-175 kg, nominaalv\u00f5imsus: 11.1 kW, k\u00f5rgus: 915 mm, laius: 559 mm, s\u00fcgavus: 533 mm, kasutegur: 88%, suitsugaasi temperatuur: 185\u00b0C, CO: 0.073\u00a0<\/em><\/p>\n<p><b><i>Termorossella Plus Evo DSA 4, hind: 2 463\u20ac<\/i><\/b><\/p>\n<p><b><i>Petra, mudel voolukivist, hind 2 479\u20ac<\/i><\/b><\/p>\n","protected":false},"featured_media":4042,"comment_status":"open","ping_status":"closed","template":"","meta":{"_et_pb_use_builder":"","_et_pb_old_content":"","_et_gb_content_width":""},"product_brand":[146],"product_cat":[24,53],"product_tag":[],"class_list":{"0":"post-4038","1":"product","2":"type-product","3":"status-publish","4":"has-post-thumbnail","6":"product_brand-lanordica-extraflame","7":"product_cat-kaminad","8":"product_cat-keskkuttekaminad","9":"pa_brand-lanordica-extraflame","11":"first","12":"instock","13":"shipping-taxable","14":"purchasable","15":"product-type-simple"},"_links":{"self":[{"href":"https:\/\/kaminameister.ee\/en\/wp-json\/wp\/v2\/product\/4038","targetHints":{"allow":["GET"]}}],"collection":[{"href":"https:\/\/kaminameister.ee\/en\/wp-json\/wp\/v2\/product"}],"about":[{"href":"https:\/\/kaminameister.ee\/en\/wp-json\/wp\/v2\/types\/product"}],"replies":[{"embeddable":true,"href":"https:\/\/kaminameister.ee\/en\/wp-json\/wp\/v2\/comments?post=4038"}],"wp:featuredmedia":[{"embeddable":true,"href":"https:\/\/kaminameister.ee\/en\/wp-json\/wp\/v2\/media\/4042"}],"wp:attachment":[{"href":"https:\/\/kaminameister.ee\/en\/wp-json\/wp\/v2\/media?parent=4038"}],"wp:term":[{"taxonomy":"product_brand","embeddable":true,"href":"https:\/\/kaminameister.ee\/en\/wp-json\/wp\/v2\/product_brand?post=4038"},{"taxonomy":"product_cat","embeddable":true,"href":"https:\/\/kaminameister.ee\/en\/wp-json\/wp\/v2\/product_cat?post=4038"},{"taxonomy":"product_tag","embeddable":true,"href":"https:\/\/kaminameister.ee\/en\/wp-json\/wp\/v2\/product_tag?post=4038"}],"curies":[{"name":"wp","href":"https:\/\/api.w.org\/{rel}","templated":true}]}}