{"id":4028,"date":"2024-07-04T14:28:12","date_gmt":"2024-07-04T11:28:12","guid":{"rendered":"http:\/\/kaminameister.ee\/?post_type=product&#038;p=4028"},"modified":"2025-05-21T16:22:54","modified_gmt":"2025-05-21T13:22:54","slug":"kamin-loriet-s-dsa-lanordica-extraflame","status":"publish","type":"product","link":"https:\/\/kaminameister.ee\/en\/tooted\/kaminad\/keskkuttekaminad\/kamin-loriet-s-dsa-lanordica-extraflame\/","title":{"rendered":"kamin LORIET S DSA (LaNordica Extraflame)"},"content":{"rendered":"<p><i>v\u00e4rvid: bordoo,valge\u00a0 K<\/i><i>\u00f6etav ruumala: 481m\u00b3 ,suitsutoru diameeter 130 mm,pealt\u00fchendus.N<\/i><i>ominaalne k\u00fcttev\u00f5imsus: 16,8kW ,<\/i><i>nom.k\u00fcttev\u00f5imsus veele: 10,5 W.<\/i><\/p>\n<p><em>Tehniline joonis: <a href=\"http:\/\/kaminameister.ee\/wp-content\/uploads\/2024\/07\/loriet.pdf\">Loriet<\/a><\/em><\/p>\n","protected":false},"excerpt":{"rendered":"<p><em>Kaal: 203 kg, nominaalv\u00f5imsus: 16.8 kW, k\u00f5rgus: 1258 mm, laius: 570 mm, s\u00fcgavus: 567 mm, kasutegur: 88%, suitsugaasi temperatuur: 170\u00b0C, CO: 0.08<\/em><\/p>\n<p><strong><em>Hind: 3 412\u20ac<\/em><\/strong><\/p>\n","protected":false},"featured_media":4032,"comment_status":"open","ping_status":"closed","template":"","meta":{"_et_pb_use_builder":"","_et_pb_old_content":"","_et_gb_content_width":""},"product_brand":[146],"product_cat":[24,53],"product_tag":[],"class_list":{"0":"post-4028","1":"product","2":"type-product","3":"status-publish","4":"has-post-thumbnail","6":"product_brand-lanordica-extraflame","7":"product_cat-kaminad","8":"product_cat-keskkuttekaminad","9":"pa_brand-lanordica-extraflame","11":"first","12":"instock","13":"shipping-taxable","14":"purchasable","15":"product-type-simple"},"_links":{"self":[{"href":"https:\/\/kaminameister.ee\/en\/wp-json\/wp\/v2\/product\/4028","targetHints":{"allow":["GET"]}}],"collection":[{"href":"https:\/\/kaminameister.ee\/en\/wp-json\/wp\/v2\/product"}],"about":[{"href":"https:\/\/kaminameister.ee\/en\/wp-json\/wp\/v2\/types\/product"}],"replies":[{"embeddable":true,"href":"https:\/\/kaminameister.ee\/en\/wp-json\/wp\/v2\/comments?post=4028"}],"wp:featuredmedia":[{"embeddable":true,"href":"https:\/\/kaminameister.ee\/en\/wp-json\/wp\/v2\/media\/4032"}],"wp:attachment":[{"href":"https:\/\/kaminameister.ee\/en\/wp-json\/wp\/v2\/media?parent=4028"}],"wp:term":[{"taxonomy":"product_brand","embeddable":true,"href":"https:\/\/kaminameister.ee\/en\/wp-json\/wp\/v2\/product_brand?post=4028"},{"taxonomy":"product_cat","embeddable":true,"href":"https:\/\/kaminameister.ee\/en\/wp-json\/wp\/v2\/product_cat?post=4028"},{"taxonomy":"product_tag","embeddable":true,"href":"https:\/\/kaminameister.ee\/en\/wp-json\/wp\/v2\/product_tag?post=4028"}],"curies":[{"name":"wp","href":"https:\/\/api.w.org\/{rel}","templated":true}]}}