{"id":4011,"date":"2024-07-04T12:29:26","date_gmt":"2024-07-04T09:29:26","guid":{"rendered":"http:\/\/kaminameister.ee\/?post_type=product&#038;p=4011"},"modified":"2025-06-20T12:47:20","modified_gmt":"2025-06-20T09:47:20","slug":"kamin-ester-forno-evo-lanordica-extraflame","status":"publish","type":"product","link":"https:\/\/kaminameister.ee\/en\/tooted\/kaminad\/valmiskaminad\/kamin-ester-forno-evo-lanordica-extraflame\/","title":{"rendered":"kamin ESTER Forno EVO (LaNordica Extraflame)"},"content":{"rendered":"<p><i>\u00a0K\u00f6etav ruumala: 235 m\u00b3,suitsutoru ava diameeter 130 mm, \u00fchendus pealt<\/i><\/p>\n<p><i>K\u00fctuse tarbimine: 2,2 kg \/ h Halu pikkus: 25 cm Kopruse v\u00e4rv : looduskivi<\/i><\/p>\n<p><i>Kolde ava m\u00f5\u00f5dud: 300\u00d7340 mm Kolde m\u00f5\u00f5dud: 295x315x300 mm K\u00fcpsetusahju m\u00f5\u00f5dud: 268x238x338 mm\u00a0<\/i><\/p>\n<p><em>Tehniline joonis:\u00a0 <a href=\"http:\/\/kaminameister.ee\/wp-content\/uploads\/2024\/07\/ester-ja-ester-forno.pdf\">Ester ja Ester Forno<\/a><\/em><\/p>\n","protected":false},"excerpt":{"rendered":"<p><em>Kaal: 317 kg, nominaalv\u00f5imsus: 8.2 kW, k\u00f5rgus: 1300 mm, laius: 540 mm, s\u00fcgavus: 478 mm, kasutegur: 86.7%, suitsugaasi temperatuur: 199\u00b0C, CO: 0.07<\/em><\/p>\n<p><strong><em>Hind: 3 707\u20ac<\/em><\/strong><\/p>\n","protected":false},"featured_media":4012,"comment_status":"open","ping_status":"closed","template":"","meta":{"_et_pb_use_builder":"","_et_pb_old_content":"","_et_gb_content_width":""},"product_brand":[146],"product_cat":[24,46],"product_tag":[],"class_list":{"0":"post-4011","1":"product","2":"type-product","3":"status-publish","4":"has-post-thumbnail","6":"product_brand-lanordica-extraflame","7":"product_cat-kaminad","8":"product_cat-valmiskaminad","9":"pa_brand-lanordica-extraflame","11":"first","12":"instock","13":"shipping-taxable","14":"purchasable","15":"product-type-simple"},"_links":{"self":[{"href":"https:\/\/kaminameister.ee\/en\/wp-json\/wp\/v2\/product\/4011","targetHints":{"allow":["GET"]}}],"collection":[{"href":"https:\/\/kaminameister.ee\/en\/wp-json\/wp\/v2\/product"}],"about":[{"href":"https:\/\/kaminameister.ee\/en\/wp-json\/wp\/v2\/types\/product"}],"replies":[{"embeddable":true,"href":"https:\/\/kaminameister.ee\/en\/wp-json\/wp\/v2\/comments?post=4011"}],"wp:featuredmedia":[{"embeddable":true,"href":"https:\/\/kaminameister.ee\/en\/wp-json\/wp\/v2\/media\/4012"}],"wp:attachment":[{"href":"https:\/\/kaminameister.ee\/en\/wp-json\/wp\/v2\/media?parent=4011"}],"wp:term":[{"taxonomy":"product_brand","embeddable":true,"href":"https:\/\/kaminameister.ee\/en\/wp-json\/wp\/v2\/product_brand?post=4011"},{"taxonomy":"product_cat","embeddable":true,"href":"https:\/\/kaminameister.ee\/en\/wp-json\/wp\/v2\/product_cat?post=4011"},{"taxonomy":"product_tag","embeddable":true,"href":"https:\/\/kaminameister.ee\/en\/wp-json\/wp\/v2\/product_tag?post=4011"}],"curies":[{"name":"wp","href":"https:\/\/api.w.org\/{rel}","templated":true}]}}