{"id":3987,"date":"2024-07-04T12:20:46","date_gmt":"2024-07-04T09:20:46","guid":{"rendered":"http:\/\/kaminameister.ee\/?post_type=product&#038;p=3987"},"modified":"2025-06-20T12:46:00","modified_gmt":"2025-06-20T09:46:00","slug":"kamin-nova-forno-lanordica-extraflame","status":"publish","type":"product","link":"https:\/\/kaminameister.ee\/en\/tooted\/kaminad\/valmiskaminad\/kamin-nova-forno-lanordica-extraflame\/","title":{"rendered":"kamin NOVA Forno (LaNordica Extraflame)"},"content":{"rendered":"<p><i>K\u00fcttev\u00f5imsus 338 m3\u00a0,suitsutoru diam.150 mm.Mudel k\u00fcpsetusahjuga.<\/i><\/p>\n<p><i>kolde ukse m\u00f5\u00f5dud: 315x285mm,kolde m\u00f5\u00f5dud: 357x450x362 mm ,ahju m\u00f5\u00f5dud: 330x300x370 mm.<\/i><\/p>\n<p><em>Tehniline joonis: <a href=\"http:\/\/kaminameister.ee\/wp-content\/uploads\/2024\/07\/nova-forno.pdf\">Nova Forno<\/a> <a href=\"http:\/\/kaminameister.ee\/wp-content\/uploads\/2024\/07\/nova-forno-steel.pdf\">Nova Forno Steel<\/a><\/em><\/p>\n","protected":false},"excerpt":{"rendered":"<p><em>Kaal: 256 kg, nominaalv\u00f5imsus: 11.8 kW, k\u00f5rgus: 1496 mm, laius: 559 mm, s\u00fcgavus: 569 mm, kasutegur: 86.4%, suitsugaasi temperatuur: 212\u00b0C, CO: 0.039<\/em><\/p>\n<p><b><i>Nova Forno, valge v\u00f5i bordoo ,hind 3 493\u20ac<\/i><\/b><\/p>\n<p><b><i>Nova Forno Steel, hind 2 998\u20ac\u00a0 \u00a0 \u00a0<\/i><\/b><i>Kaal 217 kg<\/i><\/p>\n","protected":false},"featured_media":3994,"comment_status":"open","ping_status":"closed","template":"","meta":{"_et_pb_use_builder":"","_et_pb_old_content":"","_et_gb_content_width":""},"product_brand":[146],"product_cat":[24,77,46],"product_tag":[],"class_list":{"0":"post-3987","1":"product","2":"type-product","3":"status-publish","4":"has-post-thumbnail","6":"product_brand-lanordica-extraflame","7":"product_cat-kaminad","8":"product_cat-uudistooted","9":"product_cat-valmiskaminad","10":"pa_brand-lanordica-extraflame","12":"first","13":"instock","14":"shipping-taxable","15":"purchasable","16":"product-type-simple"},"_links":{"self":[{"href":"https:\/\/kaminameister.ee\/en\/wp-json\/wp\/v2\/product\/3987","targetHints":{"allow":["GET"]}}],"collection":[{"href":"https:\/\/kaminameister.ee\/en\/wp-json\/wp\/v2\/product"}],"about":[{"href":"https:\/\/kaminameister.ee\/en\/wp-json\/wp\/v2\/types\/product"}],"replies":[{"embeddable":true,"href":"https:\/\/kaminameister.ee\/en\/wp-json\/wp\/v2\/comments?post=3987"}],"wp:featuredmedia":[{"embeddable":true,"href":"https:\/\/kaminameister.ee\/en\/wp-json\/wp\/v2\/media\/3994"}],"wp:attachment":[{"href":"https:\/\/kaminameister.ee\/en\/wp-json\/wp\/v2\/media?parent=3987"}],"wp:term":[{"taxonomy":"product_brand","embeddable":true,"href":"https:\/\/kaminameister.ee\/en\/wp-json\/wp\/v2\/product_brand?post=3987"},{"taxonomy":"product_cat","embeddable":true,"href":"https:\/\/kaminameister.ee\/en\/wp-json\/wp\/v2\/product_cat?post=3987"},{"taxonomy":"product_tag","embeddable":true,"href":"https:\/\/kaminameister.ee\/en\/wp-json\/wp\/v2\/product_tag?post=3987"}],"curies":[{"name":"wp","href":"https:\/\/api.w.org\/{rel}","templated":true}]}}