{"id":3977,"date":"2024-07-04T12:14:27","date_gmt":"2024-07-04T09:14:27","guid":{"rendered":"http:\/\/kaminameister.ee\/?post_type=product&#038;p=3977"},"modified":"2025-08-13T17:07:12","modified_gmt":"2025-08-13T14:07:12","slug":"kamin-gemma-forno-5-0-lanordica-extraflame","status":"publish","type":"product","link":"https:\/\/kaminameister.ee\/en\/tooted\/kaminad\/valmiskaminad\/kamin-gemma-forno-5-0-lanordica-extraflame\/","title":{"rendered":"kamin GEMMA  Forno 5.0 (LaNordica Extraflame)"},"content":{"rendered":"<p><i>\u00a0V\u00e4liskorpus on valmistatud majoolikast v\u00f5i voolukivist ja pealtkatteplaat on valmistatud malmist. K\u00fcpsetusahjuga.<\/i><\/p>\n<p><i>\u00a0 Kolde ava m\u00f5\u00f5dud: 220x215mm. Kolde m\u00f5\u00f5dud: 220x370x290 mm. Ahju m\u00f5\u00f5dud: 227x296x290 mm. Suitsutoru ava diameeter: 120 mm. Suitsutoru \u00fchendus: pealt<\/i><\/p>\n<p><i>\u00a0K\u00f6etav ruumala: 209 m\u00b3 K\u00fctuse tarbimine: 1,9kg \/ h Kopruse v\u00e4rv : elegance Bordeaux v\u00f5i\u00a0 voolukivi<\/i><\/p>\n<p><em>Tehniline joonis: <a href=\"http:\/\/kaminameister.ee\/wp-content\/uploads\/2024\/07\/gemmagemma-forno.pdf\">Gemma,Gemma Forno<\/a><\/em><\/p>\n","protected":false},"excerpt":{"rendered":"<p><em>Kaal: 125-134 kg, nominaalv\u00f5imsus: 7.3 kW, k\u00f5rgus: 1207 mm, laius: 460 mm, s\u00fcgavus: 495 mm, kasutegur: 85.3%, suitsugaasi temperatuur: 175.8\u00b0C, CO: 0.039<\/em><\/p>\n<p><b><i>Gemma Forno 5.0 , hind: 1 650\u20ac<\/i><\/b><\/p>\n<p><b><i>Gemma Forno Petra,voolukivi, hind: 1 694\u20ac<\/i><\/b><\/p>\n","protected":false},"featured_media":3978,"comment_status":"open","ping_status":"closed","template":"","meta":{"_et_pb_use_builder":"","_et_pb_old_content":"","_et_gb_content_width":""},"product_brand":[146],"product_cat":[24,46],"product_tag":[],"class_list":{"0":"post-3977","1":"product","2":"type-product","3":"status-publish","4":"has-post-thumbnail","6":"product_brand-lanordica-extraflame","7":"product_cat-kaminad","8":"product_cat-valmiskaminad","9":"pa_brand-lanordica-extraflame","11":"first","12":"instock","13":"shipping-taxable","14":"purchasable","15":"product-type-simple"},"_links":{"self":[{"href":"https:\/\/kaminameister.ee\/en\/wp-json\/wp\/v2\/product\/3977","targetHints":{"allow":["GET"]}}],"collection":[{"href":"https:\/\/kaminameister.ee\/en\/wp-json\/wp\/v2\/product"}],"about":[{"href":"https:\/\/kaminameister.ee\/en\/wp-json\/wp\/v2\/types\/product"}],"replies":[{"embeddable":true,"href":"https:\/\/kaminameister.ee\/en\/wp-json\/wp\/v2\/comments?post=3977"}],"wp:featuredmedia":[{"embeddable":true,"href":"https:\/\/kaminameister.ee\/en\/wp-json\/wp\/v2\/media\/3978"}],"wp:attachment":[{"href":"https:\/\/kaminameister.ee\/en\/wp-json\/wp\/v2\/media?parent=3977"}],"wp:term":[{"taxonomy":"product_brand","embeddable":true,"href":"https:\/\/kaminameister.ee\/en\/wp-json\/wp\/v2\/product_brand?post=3977"},{"taxonomy":"product_cat","embeddable":true,"href":"https:\/\/kaminameister.ee\/en\/wp-json\/wp\/v2\/product_cat?post=3977"},{"taxonomy":"product_tag","embeddable":true,"href":"https:\/\/kaminameister.ee\/en\/wp-json\/wp\/v2\/product_tag?post=3977"}],"curies":[{"name":"wp","href":"https:\/\/api.w.org\/{rel}","templated":true}]}}