{"id":3961,"date":"2024-07-04T12:08:32","date_gmt":"2024-07-04T09:08:32","guid":{"rendered":"http:\/\/kaminameister.ee\/?post_type=product&#038;p=3961"},"modified":"2025-08-13T17:06:04","modified_gmt":"2025-08-13T14:06:04","slug":"kamin-gemma-lanordica-extraflame","status":"publish","type":"product","link":"https:\/\/kaminameister.ee\/en\/tooted\/kaminad\/valmiskaminad\/kamin-gemma-lanordica-extraflame\/","title":{"rendered":"kamin GEMMA (LaNordica Extraflame)"},"content":{"rendered":"<p><i>V\u00e4liskorpus on valmistatud majoolikast v\u00f5i voolukivist ja pealtkatteplaat on valmistatud malmist, lisaks ka nn.pliidiplaat.<\/i><\/p>\n<p><i>\u00a0 Kolde ava m\u00f5\u00f5dud: 220x215mm .Kolde m\u00f5\u00f5dud: 220x370x290 mm.\u00a0 Suitsutoru ava diameeter: 120 mm.\u00a0 Suitsutoru \u00fchendus: pealt\u00a0<\/i><i>\u00a0K\u00f6etav ruumala: 172 m\u00b3 K\u00fctuse tarbimine: 1,7kg \/ h<\/i><\/p>\n<p><i>Kopruse v\u00e4rv : liberty panna v\u00f5i\u00a0 voolukivi.<\/i><\/p>\n<p><em>Tehniline joonis:\u00a0 <a href=\"http:\/\/kaminameister.ee\/wp-content\/uploads\/2024\/07\/gemmagemma-forno.pdf\">Gemma,Gemma Forno<\/a><\/em><\/p>\n","protected":false},"excerpt":{"rendered":"<p><em>Kaal: 85-98 kg, nominaalv\u00f5imsus: 6 kW, k\u00f5rgus: 840 mm, laius: 460 mm, s\u00fcgavus: 495 mm, kasutegur: 82.2%, suitsugaasi temperatuur: 221\u00b0C, CO: 0.08<\/em><\/p>\n<p><b><i>Gemma, hind: 1 183\u20ac<\/i><\/b><\/p>\n<p><b><i>Gemma petra, voolukivi,, hind: 1 216\u20ac<\/i><\/b><\/p>\n","protected":false},"featured_media":3965,"comment_status":"open","ping_status":"closed","template":"","meta":{"_et_pb_use_builder":"","_et_pb_old_content":"","_et_gb_content_width":""},"product_brand":[146],"product_cat":[24,46],"product_tag":[],"class_list":{"0":"post-3961","1":"product","2":"type-product","3":"status-publish","4":"has-post-thumbnail","6":"product_brand-lanordica-extraflame","7":"product_cat-kaminad","8":"product_cat-valmiskaminad","9":"pa_brand-lanordica-extraflame","11":"first","12":"instock","13":"shipping-taxable","14":"purchasable","15":"product-type-simple"},"_links":{"self":[{"href":"https:\/\/kaminameister.ee\/en\/wp-json\/wp\/v2\/product\/3961","targetHints":{"allow":["GET"]}}],"collection":[{"href":"https:\/\/kaminameister.ee\/en\/wp-json\/wp\/v2\/product"}],"about":[{"href":"https:\/\/kaminameister.ee\/en\/wp-json\/wp\/v2\/types\/product"}],"replies":[{"embeddable":true,"href":"https:\/\/kaminameister.ee\/en\/wp-json\/wp\/v2\/comments?post=3961"}],"wp:featuredmedia":[{"embeddable":true,"href":"https:\/\/kaminameister.ee\/en\/wp-json\/wp\/v2\/media\/3965"}],"wp:attachment":[{"href":"https:\/\/kaminameister.ee\/en\/wp-json\/wp\/v2\/media?parent=3961"}],"wp:term":[{"taxonomy":"product_brand","embeddable":true,"href":"https:\/\/kaminameister.ee\/en\/wp-json\/wp\/v2\/product_brand?post=3961"},{"taxonomy":"product_cat","embeddable":true,"href":"https:\/\/kaminameister.ee\/en\/wp-json\/wp\/v2\/product_cat?post=3961"},{"taxonomy":"product_tag","embeddable":true,"href":"https:\/\/kaminameister.ee\/en\/wp-json\/wp\/v2\/product_tag?post=3961"}],"curies":[{"name":"wp","href":"https:\/\/api.w.org\/{rel}","templated":true}]}}